{"id":22,"date":"2022-04-05T01:28:10","date_gmt":"2022-04-05T01:28:10","guid":{"rendered":"https:\/\/d-themes.com\/wordpress\/udesign\/dummy\/business-consulting\/?page_id=22"},"modified":"2025-12-19T18:47:31","modified_gmt":"2025-12-19T18:47:31","slug":"contacto","status":"publish","type":"page","link":"https:\/\/www.bravoworldwide.com.mx\/en\/contacto\/","title":{"rendered":"Contact"},"content":{"rendered":"<div data-elementor-type=\"wp-page\" data-elementor-id=\"22\" class=\"elementor elementor-22\">\n\t\t\t\t\t\t<div class=\"elementor-section elementor-top-section elementor-element elementor-element-b29a496 alpha-section-stretched elementor-section-boxed elementor-section-height-default elementor-section-height-default smart-sticky-default\" data-id=\"b29a496\" data-element_type=\"section\" data-e-type=\"section\" data-settings=\"{&quot;background_background&quot;:&quot;classic&quot;}\">\r\n\t\t\t\t\t\t\t\t<div class=\"elementor-container elementor-column-gap-default\">\r\n\t\t\t\t\r\n\t\t\t\t\t\t\t\t<div class=\"elementor-column elementor-col-50 elementor-top-column elementor-element elementor-element-061dabb cs-contact-info mb-1\" data-id=\"061dabb\" data-element_type=\"column\" data-e-type=\"column\">\r\n\r\n\t\t\t\t\r\n\t\t\t\t<div class=\"elementor-widget-wrap elementor-element-populated\">\r\n\t\t\t\t\t\t\t\t\t\t\r\n\t\t\t\t\t\t<div class=\"elementor-element elementor-element-4099d9e elementor-invisible elementor-widget elementor-widget-heading\" data-id=\"4099d9e\" data-element_type=\"widget\" data-e-type=\"widget\" data-settings=\"{&quot;_animation&quot;:&quot;fadeIn&quot;}\" data-widget_type=\"heading.default\">\n\t\t\t\t\t<h2 class=\"elementor-heading-title elementor-size-default\">Contact us at<\/h2>\t\t\t\t<\/div>\n\t\t\t\t<div class=\"elementor-element elementor-element-899ff99 elementor-invisible elementor-widget elementor-widget-heading\" data-id=\"899ff99\" data-element_type=\"widget\" data-e-type=\"widget\" data-settings=\"{&quot;_animation&quot;:&quot;fadeIn&quot;,&quot;_animation_delay&quot;:400}\" data-widget_type=\"heading.default\">\n\t\t\t\t\t<p class=\"elementor-heading-title elementor-size-default\">Comprehensive international logistics services; we support trade and industry in the global exchange of goods.<\/p>\t\t\t\t<\/div>\n\t\t\t\t<section class=\"elementor-section elementor-inner-section elementor-element elementor-element-7fc82d1 elementor-section-boxed elementor-section-height-default elementor-section-height-default smart-sticky-default\" data-id=\"7fc82d1\" data-element_type=\"section\" data-e-type=\"section\">\r\n\t\t\t\t\t\t\t\t<div class=\"elementor-container elementor-column-gap-default\">\r\n\t\t\t\t\r\n\t\t\t\t\t\t\t\t<div class=\"elementor-column elementor-col-50 elementor-inner-column elementor-element elementor-element-3283a5c\" data-id=\"3283a5c\" data-element_type=\"column\" data-e-type=\"column\">\r\n\r\n\t\t\t\t\r\n\t\t\t\t<div class=\"elementor-widget-wrap elementor-element-populated\">\r\n\t\t\t\t\t\t\t\t\t\t\r\n\t\t\t\t\t\t<div class=\"elementor-element elementor-element-276887d cs-icon-box address elementor-invisible elementor-widget elementor-widget-udesign_widget_iconbox\" data-id=\"276887d\" data-element_type=\"widget\" data-e-type=\"widget\" data-settings=\"{&quot;_animation&quot;:&quot;fadeIn&quot;,&quot;_animation_delay&quot;:600}\" data-widget_type=\"udesign_widget_iconbox.default\">\n\t\t\t\t\t<div class=\"icon-box icon-box-side position-left icon-default\"><div class=\"icon-box-feature\"><i class=\"u-icon-map-marker4\"><\/i><\/div><div class=\"icon-box-content\"><h3 class=\"icon-box-title\">Address<\/h3><p class=\"icon-box-desc\">Av. Del Pe\u00f1on # 411, Int. 22, <br>\nCol. Moctezuma 2a secc. \n<br>Venustiano Carranza,\n<br> Cd. De M\u00e9x. 15530<\/p><\/div><\/div>\t\t\t\t<\/div>\n\t\t\t\t\t\t<\/div>\r\n\t\t\t\t<\/div>\r\n\t\t\t\t\t\t\t\t\t<div class=\"elementor-column elementor-col-50 elementor-inner-column elementor-element elementor-element-1cacc42\" data-id=\"1cacc42\" data-element_type=\"column\" data-e-type=\"column\">\r\n\r\n\t\t\t\t\r\n\t\t\t\t<div class=\"elementor-widget-wrap elementor-element-populated\">\r\n\t\t\t\t\t\t\t\t\t\t\r\n\t\t\t\t\t\t<div class=\"elementor-element elementor-element-94959e7 cs-icon-box address elementor-invisible elementor-widget elementor-widget-udesign_widget_iconbox\" data-id=\"94959e7\" data-element_type=\"widget\" data-e-type=\"widget\" data-settings=\"{&quot;_animation&quot;:&quot;fadeIn&quot;,&quot;_animation_delay&quot;:600}\" data-widget_type=\"udesign_widget_iconbox.default\">\n\t\t\t\t\t<div class=\"icon-box icon-box-side position-left icon-default\"><div class=\"icon-box-feature\"><i class=\"u-icon-phone4\"><\/i><\/div><div class=\"icon-box-content\"><h3 class=\"icon-box-title\">Phone<\/h3><p class=\"icon-box-desc\"><a href=\"tel:+ 52 (55) 5833-1638\">+ 52 (55) 5833-1638<\/a><\/p><\/div><\/div>\t\t\t\t<\/div>\n\t\t\t\t\t\t<\/div>\r\n\t\t\t\t<\/div>\r\n\t\t\t\t\t\t\t\t<\/div>\r\n\t\t\t<\/section>\r\n\t\t\t\t\t<section class=\"elementor-section elementor-inner-section elementor-element elementor-element-342b14a elementor-section-boxed elementor-section-height-default elementor-section-height-default smart-sticky-default\" data-id=\"342b14a\" data-element_type=\"section\" data-e-type=\"section\">\r\n\t\t\t\t\t\t\t\t<div class=\"elementor-container elementor-column-gap-default\">\r\n\t\t\t\t\r\n\t\t\t\t\t\t\t\t<div class=\"elementor-column elementor-col-50 elementor-inner-column elementor-element elementor-element-a29097a\" data-id=\"a29097a\" data-element_type=\"column\" data-e-type=\"column\">\r\n\r\n\t\t\t\t\r\n\t\t\t\t<div class=\"elementor-widget-wrap elementor-element-populated\">\r\n\t\t\t\t\t\t\t\t\t\t\r\n\t\t\t\t\t\t<div class=\"elementor-element elementor-element-d099110 cs-icon-box address elementor-invisible elementor-widget elementor-widget-udesign_widget_iconbox\" data-id=\"d099110\" data-element_type=\"widget\" data-e-type=\"widget\" data-settings=\"{&quot;_animation&quot;:&quot;fadeIn&quot;,&quot;_animation_delay&quot;:600}\" data-widget_type=\"udesign_widget_iconbox.default\">\n\t\t\t\t\t<div class=\"icon-box icon-box-side position-left icon-default\"><div class=\"icon-box-feature\"><i class=\"u-icon-envelop5\"><\/i><\/div><div class=\"icon-box-content\"><h3 class=\"icon-box-title\">Mail<\/h3><p class=\"icon-box-desc\"><mailto=\"maruiz@bww.com.mx\n\">maruiz@bww.com.mx\n<\/a><\/p><\/div><\/div>\t\t\t\t<\/div>\n\t\t\t\t\t\t<\/div>\r\n\t\t\t\t<\/div>\r\n\t\t\t\t\t\t\t\t\t<div class=\"elementor-column elementor-col-50 elementor-inner-column elementor-element elementor-element-8a7fc2d\" data-id=\"8a7fc2d\" data-element_type=\"column\" data-e-type=\"column\">\r\n\r\n\t\t\t\t\r\n\t\t\t\t<div class=\"elementor-widget-wrap elementor-element-populated\">\r\n\t\t\t\t\t\t\t\t\t\t\r\n\t\t\t\t\t\t<div class=\"elementor-element elementor-element-39305b1 cs-icon-box address elementor-invisible elementor-widget elementor-widget-udesign_widget_iconbox\" data-id=\"39305b1\" data-element_type=\"widget\" data-e-type=\"widget\" data-settings=\"{&quot;_animation&quot;:&quot;fadeIn&quot;,&quot;_animation_delay&quot;:600}\" data-widget_type=\"udesign_widget_iconbox.default\">\n\t\t\t\t\t<div class=\"icon-box icon-box-side position-left icon-default\"><div class=\"icon-box-feature\"><i class=\"u-icon-clock2\"><\/i><\/div><div class=\"icon-box-content\"><h3 class=\"icon-box-title\">Horario<\/h3><p class=\"icon-box-desc\">Lunes- Viernes (9:00-18:00)\n<br>S\u00e1bado (9:00-15:00)<\/p><\/div><\/div>\t\t\t\t<\/div>\n\t\t\t\t\t\t<\/div>\r\n\t\t\t\t<\/div>\r\n\t\t\t\t\t\t\t\t<\/div>\r\n\t\t\t<\/section>\r\n\t\t\t\t\t\t\t<\/div>\r\n\t\t\t\t<\/div>\r\n\t\t\t\t\t\t\t\t\t<div class=\"elementor-column elementor-col-50 elementor-top-column elementor-element elementor-element-68701b8 mb-1\" data-id=\"68701b8\" data-element_type=\"column\" data-e-type=\"column\" data-settings=\"{&quot;background_background&quot;:&quot;classic&quot;}\">\r\n\r\n\t\t\t\t\r\n\t\t\t\t<div class=\"elementor-widget-wrap elementor-element-populated\">\r\n\t\t\t\t\t\t\t\t\t\t\r\n\t\t\t\t\t\t<div class=\"elementor-element elementor-element-d0eb310 elementor-widget elementor-widget-heading\" data-id=\"d0eb310\" data-element_type=\"widget\" data-e-type=\"widget\" data-widget_type=\"heading.default\">\n\t\t\t\t\t<h2 class=\"elementor-heading-title elementor-size-default\">Env\u00edanos un mensaje<\/h2>\t\t\t\t<\/div>\n\t\t\t\t<div class=\"elementor-element elementor-element-16d93e5 elementor-widget elementor-widget-udesign_widget_contact_form\" data-id=\"16d93e5\" data-element_type=\"widget\" data-e-type=\"widget\" data-widget_type=\"udesign_widget_contact_form.default\">\n\t\t\t\t\t\n<div class=\"wpcf7 no-js\" id=\"wpcf7-f3806-o1\" lang=\"en-US\" dir=\"ltr\" data-wpcf7-id=\"3806\">\n<div class=\"screen-reader-response\"><p role=\"status\" aria-live=\"polite\" aria-atomic=\"true\"><\/p> <ul><\/ul><\/div>\n<form action=\"\/en\/wp-json\/wp\/v2\/pages\/22#wpcf7-f3806-o1\" method=\"post\" class=\"wpcf7-form init\" aria-label=\"Contact form\" novalidate=\"novalidate\" data-status=\"init\" data-trp-original-action=\"\/en\/wp-json\/wp\/v2\/pages\/22#wpcf7-f3806-o1\">\n<fieldset class=\"hidden-fields-container\"><input type=\"hidden\" name=\"_wpcf7\" value=\"3806\" \/><input type=\"hidden\" name=\"_wpcf7_version\" value=\"6.1.5\" \/><input type=\"hidden\" name=\"_wpcf7_locale\" value=\"en_US\" \/><input type=\"hidden\" name=\"_wpcf7_unit_tag\" value=\"wpcf7-f3806-o1\" \/><input type=\"hidden\" name=\"_wpcf7_container_post\" value=\"0\" \/><input type=\"hidden\" name=\"_wpcf7_posted_data_hash\" value=\"\" \/>\n<\/fieldset>\n<p><span class=\"wpcf7-form-control-wrap\" data-name=\"text-157\"><input size=\"40\" maxlength=\"400\" class=\"wpcf7-form-control wpcf7-text wpcf7-validates-as-required\" aria-required=\"true\" aria-invalid=\"false\" placeholder=\"Name\" value=\"\" type=\"text\" name=\"text-157\" \/><\/span>\n<\/p>\n<p><span class=\"wpcf7-form-control-wrap\" data-name=\"email-668\"><input size=\"40\" maxlength=\"400\" class=\"wpcf7-form-control wpcf7-email wpcf7-validates-as-required wpcf7-text wpcf7-validates-as-email\" aria-required=\"true\" aria-invalid=\"false\" placeholder=\"Mail\" value=\"\" type=\"email\" name=\"email-668\" \/><\/span>\n<\/p>\n<p><span class=\"wpcf7-form-control-wrap\" data-name=\"tel-465\"><input size=\"40\" maxlength=\"400\" class=\"wpcf7-form-control wpcf7-tel wpcf7-validates-as-required wpcf7-text wpcf7-validates-as-tel\" aria-required=\"true\" aria-invalid=\"false\" placeholder=\"Phone\" value=\"\" type=\"tel\" name=\"tel-465\" \/><\/span>\n<\/p>\n<p class=\"mb-5\"><span class=\"wpcf7-form-control-wrap\" data-name=\"textarea-514\"><textarea cols=\"40\" rows=\"10\" maxlength=\"2000\" class=\"wpcf7-form-control wpcf7-textarea\" aria-invalid=\"false\" placeholder=\"Message\" name=\"textarea-514\"><\/textarea><\/span>\n<\/p>\n<p><button class=\"wpcf7-form-control wpcf7-submit has-spinner\" type=\"submit\" value=\"Enviar mensaje\">Send message<\/button>\n<\/p><div class=\"wpcf7-response-output\" aria-hidden=\"true\"><\/div>\n<input type=\"hidden\" name=\"trp-form-language\" value=\"en\"\/><\/form>\n<\/div>\n\t\t\t\t<\/div>\n\t\t\t\t\t\t<\/div>\r\n\t\t\t\t<\/div>\r\n\t\t\t\t\t\t\t\t<\/div>\r\n\t\t\t<\/div>\r\n\t\t\t\t\t<section class=\"elementor-section elementor-top-section elementor-element elementor-element-d3c1519 elementor-hidden-desktop elementor-hidden-laptop elementor-hidden-tablet_extra elementor-hidden-tablet elementor-hidden-mobile elementor-section-boxed elementor-section-height-default elementor-section-height-default smart-sticky-default\" data-id=\"d3c1519\" data-element_type=\"section\" data-e-type=\"section\">\r\n\t\t\t\t\t\t\t\t<div class=\"elementor-container elementor-column-gap-default\">\r\n\t\t\t\t\r\n\t\t\t\t\t\t\t\t<div class=\"elementor-column elementor-col-100 elementor-top-column elementor-element elementor-element-5f23f79\" data-id=\"5f23f79\" data-element_type=\"column\" data-e-type=\"column\">\r\n\r\n\t\t\t\t\r\n\t\t\t\t<div class=\"elementor-widget-wrap elementor-element-populated\">\r\n\t\t\t\t\t\t\t\t\t\t\r\n\t\t\t\t\t\t<div class=\"elementor-element elementor-element-c717d71 elementor-widget elementor-widget-heading\" data-id=\"c717d71\" data-element_type=\"widget\" data-e-type=\"widget\" data-widget_type=\"heading.default\">\n\t\t\t\t\t<h3 class=\"elementor-heading-title elementor-size-default\">Contamos con servicio en las siguientes aduanas<\/h3>\t\t\t\t<\/div>\n\t\t\t\t<div class=\"elementor-element elementor-element-2aca2af elementor-widget elementor-widget-html\" data-id=\"2aca2af\" data-element_type=\"widget\" data-e-type=\"widget\" data-widget_type=\"html.default\">\n\t\t\t\t\t<iframe src=\"https:\/\/www.google.com\/maps\/d\/embed?mid=1KePQGxHcCDCZVisIhV1cO_p44xIvATs&hl=es&ehbc=2E312F\" width=\"640\" height=\"480\"><\/iframe>\t\t\t\t<\/div>\n\t\t\t\t\t\t<\/div>\r\n\t\t\t\t<\/div>\r\n\t\t\t\t\t\t\t\t<\/div>\r\n\t\t\t<\/section>\r\n\t\t\t\t\t<\/div>","protected":false},"excerpt":{"rendered":"<p>Contactanos Servicios de log\u00edstica integral a nivel internacional; ofrecemos nuestro soporte al comercio y la industria en el intercambio global de mercanc\u00edas Direcci\u00f3n Av. Del Pe\u00f1on # 411, Int. 22, Col. Moctezuma 2a secc. Venustiano Carranza, Cd. De M\u00e9x. 15530 Tel\u00e9fono + 52 (55) 5833-1638 Correo maruiz@bww.com.mx Horario Lunes- Viernes (9:00-18:00) S\u00e1bado (9:00-15:00) Env\u00edanos un [&hellip;]<\/p>\n","protected":false},"author":1,"featured_media":0,"parent":0,"menu_order":0,"comment_status":"closed","ping_status":"closed","template":"","meta":{"_acf_changed":false,"footnotes":""},"class_list":["post-22","page","type-page","status-publish","hentry"],"acf":[],"_links":{"self":[{"href":"https:\/\/www.bravoworldwide.com.mx\/en\/wp-json\/wp\/v2\/pages\/22","targetHints":{"allow":["GET"]}}],"collection":[{"href":"https:\/\/www.bravoworldwide.com.mx\/en\/wp-json\/wp\/v2\/pages"}],"about":[{"href":"https:\/\/www.bravoworldwide.com.mx\/en\/wp-json\/wp\/v2\/types\/page"}],"author":[{"embeddable":true,"href":"https:\/\/www.bravoworldwide.com.mx\/en\/wp-json\/wp\/v2\/users\/1"}],"replies":[{"embeddable":true,"href":"https:\/\/www.bravoworldwide.com.mx\/en\/wp-json\/wp\/v2\/comments?post=22"}],"version-history":[{"count":61,"href":"https:\/\/www.bravoworldwide.com.mx\/en\/wp-json\/wp\/v2\/pages\/22\/revisions"}],"predecessor-version":[{"id":4744,"href":"https:\/\/www.bravoworldwide.com.mx\/en\/wp-json\/wp\/v2\/pages\/22\/revisions\/4744"}],"wp:attachment":[{"href":"https:\/\/www.bravoworldwide.com.mx\/en\/wp-json\/wp\/v2\/media?parent=22"}],"curies":[{"name":"wp","href":"https:\/\/api.w.org\/{rel}","templated":true}]}}