{"id":4319,"date":"2025-12-05T22:55:43","date_gmt":"2025-12-05T22:55:43","guid":{"rendered":"https:\/\/www.bravoworldwide.com.mx\/?page_id=4319"},"modified":"2025-12-13T18:35:56","modified_gmt":"2025-12-13T18:35:56","slug":"servicios-contables-y-fiscales","status":"publish","type":"page","link":"https:\/\/www.bravoworldwide.com.mx\/en\/servicios-contables-y-fiscales\/","title":{"rendered":"Accounting and tax services"},"content":{"rendered":"<div data-elementor-type=\"wp-page\" data-elementor-id=\"4319\" class=\"elementor elementor-4319\">\n\t\t\t\t\t\t<div class=\"elementor-section elementor-top-section elementor-element elementor-element-61fd96e elementor-section-full_width elementor-section-content-middle alpha-section-stretched elementor-section-height-default elementor-section-height-default smart-sticky-default elementor-invisible\" data-id=\"61fd96e\" data-element_type=\"section\" data-e-type=\"section\" data-settings=\"{&quot;animation&quot;:&quot;fadeIn&quot;,&quot;background_background&quot;:&quot;classic&quot;}\">\r\n\t\t\t\t\t\t\t\t<div class=\"elementor-container elementor-column-gap-no\">\r\n\t\t\t\t\r\n\t\t\t\t\t\t\t\t<div class=\"elementor-column elementor-col-50 elementor-top-column elementor-element elementor-element-c5ce326 order-md-last\" data-id=\"c5ce326\" data-element_type=\"column\" data-e-type=\"column\">\r\n\r\n\t\t\t\t\r\n\t\t\t\t<div class=\"elementor-widget-wrap elementor-element-populated\">\r\n\t\t\t\t\t\t\t\t\t\t\r\n\t\t\t\t\t\t<div class=\"elementor-element elementor-element-6aa6f13 h-100 elementor-widget elementor-widget-udesign_widget_banner\" data-id=\"6aa6f13\" data-element_type=\"widget\" data-e-type=\"widget\" data-settings=\"{&quot;_content_animation&quot;:&quot;none&quot;}\" data-widget_type=\"udesign_widget_banner.default\">\r\n\t\t\t\t\t<div class=\"banner banner-fixed banner-img-hidden parallax\" data-parallax-image=\"http:\/\/www.bravoworldwide.com.mx\/wp-content\/uploads\/2025\/12\/Asesoria-fiscal.png\" data-parallax-options='{\"direction\":\"down\",\"speed\":1.4285714285714286}'>\t<figure class=\"banner-img\">\r\n\t\t<img fetchpriority=\"high\" decoding=\"async\" width=\"1158\" height=\"754\" src=\"https:\/\/www.bravoworldwide.com.mx\/wp-content\/uploads\/2025\/12\/Asesoria-fiscal.png\" class=\"attachment-full size-full\" alt=\"\" srcset=\"https:\/\/www.bravoworldwide.com.mx\/wp-content\/uploads\/2025\/12\/Asesoria-fiscal.png 1158w, https:\/\/www.bravoworldwide.com.mx\/wp-content\/uploads\/2025\/12\/Asesoria-fiscal-1024x667.png 1024w, https:\/\/www.bravoworldwide.com.mx\/wp-content\/uploads\/2025\/12\/Asesoria-fiscal-768x500.png 768w\" sizes=\"(max-width: 1158px) 100vw, 1158px\" \/>\t<\/figure>\r\n\t<div class=\"banner-content t-mc\"><\/div><\/div>\t\t\t\t<\/div>\n\t\t\t\t\t\t<\/div>\r\n\t\t\t\t<\/div>\r\n\t\t\t\t\t\t\t\t\t<div class=\"elementor-column elementor-col-50 elementor-top-column elementor-element elementor-element-94fe784\" data-id=\"94fe784\" data-element_type=\"column\" data-e-type=\"column\">\r\n\r\n\t\t\t\t\r\n\t\t\t\t<div class=\"elementor-widget-wrap elementor-element-populated\">\r\n\t\t\t\t\t\t\t\t\t\t\r\n\t\t\t\t\t\t<div class=\"elementor-element elementor-element-cd384a5 cs_33-icon-box elementor-widget elementor-widget-udesign_widget_iconbox\" data-id=\"cd384a5\" data-element_type=\"widget\" data-e-type=\"widget\" data-widget_type=\"udesign_widget_iconbox.default\">\n\t\t\t\t\t<div class=\"icon-box position-top icon-framed shape-circle\"><a class=\"link\" href=\"https:\/\/www.bravoworldwide.com.mx\/en\/contacto\/\" aria-label=\"Icon Box\" ><\/a><div class=\"icon-box-feature\"><i class=\"u-icon-price3\"><\/i><\/div><div class=\"icon-box-content\"><h3 class=\"icon-box-title\"><a class=\"link\" href=\"https:\/\/www.bravoworldwide.com.mx\/en\/contacto\/\" aria-label=\"Icon Box\" >Tax and accounting advice<\/a><\/h3><p class=\"icon-box-desc\">We guide you clearly through all your tax and accounting obligations so you can make safe and profitable decisions.<\/p><a class=\"btn btn-outline btn-md btn-primary\" href=\"https:\/\/www.bravoworldwide.com.mx\/en\/contacto\/\" ><span >More Information<\/span><\/a><\/div><\/div>\t\t\t\t<\/div>\n\t\t\t\t\t\t<\/div>\r\n\t\t\t\t<\/div>\r\n\t\t\t\t\t\t\t\t<\/div>\r\n\t\t\t<\/div>\r\n\t\t\t\t\t<div class=\"elementor-section elementor-top-section elementor-element elementor-element-30fcab0 elementor-section-full_width elementor-section-content-middle alpha-section-stretched elementor-section-height-default elementor-section-height-default smart-sticky-default elementor-invisible\" data-id=\"30fcab0\" data-element_type=\"section\" data-e-type=\"section\" data-settings=\"{&quot;animation&quot;:&quot;fadeIn&quot;,&quot;background_background&quot;:&quot;classic&quot;}\">\r\n\t\t\t\t\t\t\t\t<div class=\"elementor-container elementor-column-gap-no\">\r\n\t\t\t\t\r\n\t\t\t\t\t\t\t\t<div class=\"elementor-column elementor-col-50 elementor-top-column elementor-element elementor-element-1bf50cb\" data-id=\"1bf50cb\" data-element_type=\"column\" data-e-type=\"column\">\r\n\r\n\t\t\t\t\r\n\t\t\t\t<div class=\"elementor-widget-wrap elementor-element-populated\">\r\n\t\t\t\t\t\t\t\t\t\t\r\n\t\t\t\t\t\t<div class=\"elementor-element elementor-element-533f15d h-100 elementor-widget elementor-widget-udesign_widget_banner\" data-id=\"533f15d\" data-element_type=\"widget\" data-e-type=\"widget\" data-settings=\"{&quot;_content_animation&quot;:&quot;none&quot;}\" data-widget_type=\"udesign_widget_banner.default\">\r\n\t\t\t\t\t<div class=\"banner banner-fixed banner-img-hidden parallax\" data-parallax-image=\"http:\/\/www.bravoworldwide.com.mx\/wp-content\/uploads\/2025\/12\/Prevencion_sat.png\" data-parallax-options='{\"direction\":\"down\",\"speed\":1.4285714285714286}'>\t<figure class=\"banner-img\">\r\n\t\t<img decoding=\"async\" width=\"1158\" height=\"754\" src=\"https:\/\/www.bravoworldwide.com.mx\/wp-content\/uploads\/2025\/12\/Prevencion_sat.png\" class=\"attachment-full size-full\" alt=\"\" srcset=\"https:\/\/www.bravoworldwide.com.mx\/wp-content\/uploads\/2025\/12\/Prevencion_sat.png 1158w, https:\/\/www.bravoworldwide.com.mx\/wp-content\/uploads\/2025\/12\/Prevencion_sat-1024x667.png 1024w, https:\/\/www.bravoworldwide.com.mx\/wp-content\/uploads\/2025\/12\/Prevencion_sat-768x500.png 768w\" sizes=\"(max-width: 1158px) 100vw, 1158px\" \/>\t<\/figure>\r\n\t<div class=\"banner-content t-mc\"><\/div><\/div>\t\t\t\t<\/div>\n\t\t\t\t\t\t<\/div>\r\n\t\t\t\t<\/div>\r\n\t\t\t\t\t\t\t\t\t<div class=\"elementor-column elementor-col-50 elementor-top-column elementor-element elementor-element-9d87df5\" data-id=\"9d87df5\" data-element_type=\"column\" data-e-type=\"column\">\r\n\r\n\t\t\t\t\r\n\t\t\t\t<div class=\"elementor-widget-wrap elementor-element-populated\">\r\n\t\t\t\t\t\t\t\t\t\t\r\n\t\t\t\t\t\t<div class=\"elementor-element elementor-element-7d12f19 cs_33-icon-box elementor-widget elementor-widget-udesign_widget_iconbox\" data-id=\"7d12f19\" data-element_type=\"widget\" data-e-type=\"widget\" data-widget_type=\"udesign_widget_iconbox.default\">\n\t\t\t\t\t<div class=\"icon-box position-top icon-framed shape-circle\"><a class=\"link\" href=\"https:\/\/www.bravoworldwide.com.mx\/en\/contacto\/\" aria-label=\"Icon Box\" ><\/a><div class=\"icon-box-feature\"><i class=\"u-icon-write\"><\/i><\/div><div class=\"icon-box-content\"><h3 class=\"icon-box-title\"><a class=\"link\" href=\"https:\/\/www.bravoworldwide.com.mx\/en\/contacto\/\" aria-label=\"Icon Box\" >Prevenci\u00f3n de problemas ante el SAT<\/a><\/h3><p class=\"icon-box-desc\">We help you avoid fines, requirements, and tax risks by ensuring your company complies with regulations from the start.<\/p><a class=\"btn btn-outline btn-md btn-primary\" href=\"https:\/\/www.bravoworldwide.com.mx\/en\/contacto\/\" ><span >More information<\/span><\/a><\/div><\/div>\t\t\t\t<\/div>\n\t\t\t\t\t\t<\/div>\r\n\t\t\t\t<\/div>\r\n\t\t\t\t\t\t\t\t<\/div>\r\n\t\t\t<\/div>\r\n\t\t\t\t\t<div class=\"elementor-section elementor-top-section elementor-element elementor-element-116dd41 elementor-section-full_width elementor-section-content-middle alpha-section-stretched elementor-section-height-default elementor-section-height-default smart-sticky-default elementor-invisible\" data-id=\"116dd41\" data-element_type=\"section\" data-e-type=\"section\" data-settings=\"{&quot;animation&quot;:&quot;fadeIn&quot;,&quot;background_background&quot;:&quot;classic&quot;}\">\r\n\t\t\t\t\t\t\t\t<div class=\"elementor-container elementor-column-gap-no\">\r\n\t\t\t\t\r\n\t\t\t\t\t\t\t\t<div class=\"elementor-column elementor-col-50 elementor-top-column elementor-element elementor-element-525ceb9 order-md-last\" data-id=\"525ceb9\" data-element_type=\"column\" data-e-type=\"column\">\r\n\r\n\t\t\t\t\r\n\t\t\t\t<div class=\"elementor-widget-wrap elementor-element-populated\">\r\n\t\t\t\t\t\t\t\t\t\t\r\n\t\t\t\t\t\t<div class=\"elementor-element elementor-element-4d22c49 h-100 elementor-widget elementor-widget-udesign_widget_banner\" data-id=\"4d22c49\" data-element_type=\"widget\" data-e-type=\"widget\" data-settings=\"{&quot;_content_animation&quot;:&quot;none&quot;}\" data-widget_type=\"udesign_widget_banner.default\">\r\n\t\t\t\t\t<div class=\"banner banner-fixed banner-img-hidden parallax\" data-parallax-image=\"http:\/\/www.bravoworldwide.com.mx\/wp-content\/uploads\/2025\/12\/contabilidad-de-tu-empresa.png\" data-parallax-options='{\"direction\":\"down\",\"speed\":1.4285714285714286}'>\t<figure class=\"banner-img\">\r\n\t\t<img decoding=\"async\" width=\"1158\" height=\"744\" src=\"https:\/\/www.bravoworldwide.com.mx\/wp-content\/uploads\/2025\/12\/contabilidad-de-tu-empresa.png\" class=\"attachment-full size-full\" alt=\"\" srcset=\"https:\/\/www.bravoworldwide.com.mx\/wp-content\/uploads\/2025\/12\/contabilidad-de-tu-empresa.png 1158w, https:\/\/www.bravoworldwide.com.mx\/wp-content\/uploads\/2025\/12\/contabilidad-de-tu-empresa-1024x658.png 1024w, https:\/\/www.bravoworldwide.com.mx\/wp-content\/uploads\/2025\/12\/contabilidad-de-tu-empresa-768x493.png 768w\" sizes=\"(max-width: 1158px) 100vw, 1158px\" \/>\t<\/figure>\r\n\t<div class=\"banner-content t-mc\"><\/div><\/div>\t\t\t\t<\/div>\n\t\t\t\t\t\t<\/div>\r\n\t\t\t\t<\/div>\r\n\t\t\t\t\t\t\t\t\t<div class=\"elementor-column elementor-col-50 elementor-top-column elementor-element elementor-element-81380b0\" data-id=\"81380b0\" data-element_type=\"column\" data-e-type=\"column\">\r\n\r\n\t\t\t\t\r\n\t\t\t\t<div class=\"elementor-widget-wrap elementor-element-populated\">\r\n\t\t\t\t\t\t\t\t\t\t\r\n\t\t\t\t\t\t<div class=\"elementor-element elementor-element-c38bb82 cs_33-icon-box elementor-widget elementor-widget-udesign_widget_iconbox\" data-id=\"c38bb82\" data-element_type=\"widget\" data-e-type=\"widget\" data-widget_type=\"udesign_widget_iconbox.default\">\n\t\t\t\t\t<div class=\"icon-box position-top icon-framed shape-circle\"><a class=\"link\" href=\"https:\/\/www.bravoworldwide.com.mx\/en\/contacto\/\" aria-label=\"Icon Box\" ><\/a><div class=\"icon-box-feature\"><i class=\"u-icon-calendar2\"><\/i><\/div><div class=\"icon-box-content\"><h3 class=\"icon-box-title\"><a class=\"link\" href=\"https:\/\/www.bravoworldwide.com.mx\/en\/contacto\/\" aria-label=\"Icon Box\" >We handle your company's accounting<\/a><\/h3><p class=\"icon-box-desc\">We keep your accounts up-to-date with accuracy and transparency so you can focus on growing your business.<\/p><a class=\"btn btn-outline btn-md btn-primary\" href=\"https:\/\/www.bravoworldwide.com.mx\/en\/contacto\/\" ><span >More Information<\/span><\/a><\/div><\/div>\t\t\t\t<\/div>\n\t\t\t\t\t\t<\/div>\r\n\t\t\t\t<\/div>\r\n\t\t\t\t\t\t\t\t<\/div>\r\n\t\t\t<\/div>\r\n\t\t\t\t\t<div class=\"elementor-section elementor-top-section elementor-element elementor-element-66dd4bc elementor-section-full_width elementor-section-content-middle alpha-section-stretched elementor-section-height-default elementor-section-height-default smart-sticky-default elementor-invisible\" data-id=\"66dd4bc\" data-element_type=\"section\" data-e-type=\"section\" data-settings=\"{&quot;animation&quot;:&quot;fadeIn&quot;,&quot;background_background&quot;:&quot;classic&quot;}\">\r\n\t\t\t\t\t\t\t\t<div class=\"elementor-container elementor-column-gap-no\">\r\n\t\t\t\t\r\n\t\t\t\t\t\t\t\t<div class=\"elementor-column elementor-col-50 elementor-top-column elementor-element elementor-element-6913fe4\" data-id=\"6913fe4\" data-element_type=\"column\" data-e-type=\"column\">\r\n\r\n\t\t\t\t\r\n\t\t\t\t<div class=\"elementor-widget-wrap elementor-element-populated\">\r\n\t\t\t\t\t\t\t\t\t\t\r\n\t\t\t\t\t\t<div class=\"elementor-element elementor-element-2d642bf h-100 elementor-widget elementor-widget-udesign_widget_banner\" data-id=\"2d642bf\" data-element_type=\"widget\" data-e-type=\"widget\" data-settings=\"{&quot;_content_animation&quot;:&quot;none&quot;}\" data-widget_type=\"udesign_widget_banner.default\">\r\n\t\t\t\t\t<div class=\"banner banner-fixed banner-img-hidden parallax\" data-parallax-image=\"http:\/\/www.bravoworldwide.com.mx\/wp-content\/uploads\/2025\/12\/declaraciones-fiscales.png\" data-parallax-options='{\"direction\":\"down\",\"speed\":1.4285714285714286}'>\t<figure class=\"banner-img\">\r\n\t\t<img loading=\"lazy\" decoding=\"async\" width=\"1158\" height=\"754\" src=\"https:\/\/www.bravoworldwide.com.mx\/wp-content\/uploads\/2025\/12\/declaraciones-fiscales.png\" class=\"attachment-full size-full\" alt=\"\" srcset=\"https:\/\/www.bravoworldwide.com.mx\/wp-content\/uploads\/2025\/12\/declaraciones-fiscales.png 1158w, https:\/\/www.bravoworldwide.com.mx\/wp-content\/uploads\/2025\/12\/declaraciones-fiscales-1024x667.png 1024w, https:\/\/www.bravoworldwide.com.mx\/wp-content\/uploads\/2025\/12\/declaraciones-fiscales-768x500.png 768w\" sizes=\"(max-width: 1158px) 100vw, 1158px\" \/>\t<\/figure>\r\n\t<div class=\"banner-content t-mc\"><\/div><\/div>\t\t\t\t<\/div>\n\t\t\t\t\t\t<\/div>\r\n\t\t\t\t<\/div>\r\n\t\t\t\t\t\t\t\t\t<div class=\"elementor-column elementor-col-50 elementor-top-column elementor-element elementor-element-fa93cec\" data-id=\"fa93cec\" data-element_type=\"column\" data-e-type=\"column\">\r\n\r\n\t\t\t\t\r\n\t\t\t\t<div class=\"elementor-widget-wrap elementor-element-populated\">\r\n\t\t\t\t\t\t\t\t\t\t\r\n\t\t\t\t\t\t<div class=\"elementor-element elementor-element-615f94d cs_33-icon-box elementor-widget elementor-widget-udesign_widget_iconbox\" data-id=\"615f94d\" data-element_type=\"widget\" data-e-type=\"widget\" data-widget_type=\"udesign_widget_iconbox.default\">\n\t\t\t\t\t<div class=\"icon-box position-top icon-framed shape-circle\"><a class=\"link\" href=\"https:\/\/www.bravoworldwide.com.mx\/en\/contacto\/\" aria-label=\"Icon Box\" ><\/a><div class=\"icon-box-feature\"><i class=\"u-icon-check2\"><\/i><\/div><div class=\"icon-box-content\"><h3 class=\"icon-box-title\"><a class=\"link\" href=\"https:\/\/www.bravoworldwide.com.mx\/en\/contacto\/\" aria-label=\"Icon Box\" >We file your tax returns.<\/a><\/h3><p class=\"icon-box-desc\">We take care of preparing and submitting your declarations on time and in the correct manner to avoid setbacks and penalties.<\/p><a class=\"btn btn-outline btn-md btn-primary\" href=\"https:\/\/www.bravoworldwide.com.mx\/en\/contacto\/\" ><span >More Information<\/span><\/a><\/div><\/div>\t\t\t\t<\/div>\n\t\t\t\t\t\t<\/div>\r\n\t\t\t\t<\/div>\r\n\t\t\t\t\t\t\t\t<\/div>\r\n\t\t\t<\/div>\r\n\t\t\t\t\t<div class=\"elementor-section elementor-top-section elementor-element elementor-element-f7e9626 elementor-section-full_width elementor-section-content-middle alpha-section-stretched elementor-section-height-default elementor-section-height-default smart-sticky-default elementor-invisible\" data-id=\"f7e9626\" data-element_type=\"section\" data-e-type=\"section\" data-settings=\"{&quot;animation&quot;:&quot;fadeIn&quot;,&quot;background_background&quot;:&quot;classic&quot;}\">\r\n\t\t\t\t\t\t\t\t<div class=\"elementor-container elementor-column-gap-no\">\r\n\t\t\t\t\r\n\t\t\t\t\t\t\t\t<div class=\"elementor-column elementor-col-50 elementor-top-column elementor-element elementor-element-bb0d1b1 order-md-last\" data-id=\"bb0d1b1\" data-element_type=\"column\" data-e-type=\"column\">\r\n\r\n\t\t\t\t\r\n\t\t\t\t<div class=\"elementor-widget-wrap elementor-element-populated\">\r\n\t\t\t\t\t\t\t\t\t\t\r\n\t\t\t\t\t\t<div class=\"elementor-element elementor-element-4933d86 h-100 elementor-widget elementor-widget-udesign_widget_banner\" data-id=\"4933d86\" data-element_type=\"widget\" data-e-type=\"widget\" data-settings=\"{&quot;_content_animation&quot;:&quot;none&quot;}\" data-widget_type=\"udesign_widget_banner.default\">\r\n\t\t\t\t\t<div class=\"banner banner-fixed banner-img-hidden parallax\" data-parallax-image=\"http:\/\/www.bravoworldwide.com.mx\/wp-content\/uploads\/2025\/12\/impuestos.png\" data-parallax-options='{\"direction\":\"down\",\"speed\":1.4285714285714286}'>\t<figure class=\"banner-img\">\r\n\t\t<img loading=\"lazy\" decoding=\"async\" width=\"1158\" height=\"754\" src=\"https:\/\/www.bravoworldwide.com.mx\/wp-content\/uploads\/2025\/12\/impuestos.png\" class=\"attachment-full size-full\" alt=\"\" srcset=\"https:\/\/www.bravoworldwide.com.mx\/wp-content\/uploads\/2025\/12\/impuestos.png 1158w, https:\/\/www.bravoworldwide.com.mx\/wp-content\/uploads\/2025\/12\/impuestos-1024x667.png 1024w, https:\/\/www.bravoworldwide.com.mx\/wp-content\/uploads\/2025\/12\/impuestos-768x500.png 768w\" sizes=\"(max-width: 1158px) 100vw, 1158px\" \/>\t<\/figure>\r\n\t<div class=\"banner-content t-mc\"><\/div><\/div>\t\t\t\t<\/div>\n\t\t\t\t\t\t<\/div>\r\n\t\t\t\t<\/div>\r\n\t\t\t\t\t\t\t\t\t<div class=\"elementor-column elementor-col-50 elementor-top-column elementor-element elementor-element-fa14697\" data-id=\"fa14697\" data-element_type=\"column\" data-e-type=\"column\">\r\n\r\n\t\t\t\t\r\n\t\t\t\t<div class=\"elementor-widget-wrap elementor-element-populated\">\r\n\t\t\t\t\t\t\t\t\t\t\r\n\t\t\t\t\t\t<div class=\"elementor-element elementor-element-d022d72 cs_33-icon-box elementor-widget elementor-widget-udesign_widget_iconbox\" data-id=\"d022d72\" data-element_type=\"widget\" data-e-type=\"widget\" data-widget_type=\"udesign_widget_iconbox.default\">\n\t\t\t\t\t<div class=\"icon-box position-top icon-framed shape-circle\"><a class=\"link\" href=\"https:\/\/www.bravoworldwide.com.mx\/en\/contacto\/\" aria-label=\"Icon Box\" ><\/a><div class=\"icon-box-feature\"><i class=\"u-icon-build\"><\/i><\/div><div class=\"icon-box-content\"><h3 class=\"icon-box-title\"><a class=\"link\" href=\"https:\/\/www.bravoworldwide.com.mx\/en\/contacto\/\" aria-label=\"Icon Box\" >Tax planning and optimization of your tax payments<\/a><\/h3><p class=\"icon-box-desc\">We design legal strategies that reduce your tax burden and improve your company's profitability.<\/p><a class=\"btn btn-outline btn-md btn-primary\" href=\"https:\/\/www.bravoworldwide.com.mx\/en\/contacto\/\" ><span >More Information<\/span><\/a><\/div><\/div>\t\t\t\t<\/div>\n\t\t\t\t\t\t<\/div>\r\n\t\t\t\t<\/div>\r\n\t\t\t\t\t\t\t\t<\/div>\r\n\t\t\t<\/div>\r\n\t\t\t\t\t<\/div>","protected":false},"excerpt":{"rendered":"<p>Asesor\u00eda fiscal y contable Te guiamos con claridad en todas tus obligaciones fiscales y contables para que tomes decisiones seguras y rentables. M\u00e1s Informaci\u00f3n Prevenci\u00f3n de problemas ante el SAT Evitamos multas, requerimientos y riesgos fiscales asegurando que tu empresa cumpla con la normatividad desde el inicio. M\u00e1s informaci\u00f3n Realizamos la contabilidad de tu empresa [&hellip;]<\/p>\n","protected":false},"author":1,"featured_media":0,"parent":0,"menu_order":0,"comment_status":"closed","ping_status":"closed","template":"","meta":{"_acf_changed":false,"footnotes":""},"class_list":["post-4319","page","type-page","status-publish","hentry"],"acf":[],"_links":{"self":[{"href":"https:\/\/www.bravoworldwide.com.mx\/en\/wp-json\/wp\/v2\/pages\/4319","targetHints":{"allow":["GET"]}}],"collection":[{"href":"https:\/\/www.bravoworldwide.com.mx\/en\/wp-json\/wp\/v2\/pages"}],"about":[{"href":"https:\/\/www.bravoworldwide.com.mx\/en\/wp-json\/wp\/v2\/types\/page"}],"author":[{"embeddable":true,"href":"https:\/\/www.bravoworldwide.com.mx\/en\/wp-json\/wp\/v2\/users\/1"}],"replies":[{"embeddable":true,"href":"https:\/\/www.bravoworldwide.com.mx\/en\/wp-json\/wp\/v2\/comments?post=4319"}],"version-history":[{"count":16,"href":"https:\/\/www.bravoworldwide.com.mx\/en\/wp-json\/wp\/v2\/pages\/4319\/revisions"}],"predecessor-version":[{"id":4565,"href":"https:\/\/www.bravoworldwide.com.mx\/en\/wp-json\/wp\/v2\/pages\/4319\/revisions\/4565"}],"wp:attachment":[{"href":"https:\/\/www.bravoworldwide.com.mx\/en\/wp-json\/wp\/v2\/media?parent=4319"}],"curies":[{"name":"wp","href":"https:\/\/api.w.org\/{rel}","templated":true}]}}