{"id":4629,"date":"2025-12-19T17:55:10","date_gmt":"2025-12-19T17:55:10","guid":{"rendered":"https:\/\/www.bravoworldwide.com.mx\/?page_id=4629"},"modified":"2025-12-19T18:28:11","modified_gmt":"2025-12-19T18:28:11","slug":"agencia-carga","status":"publish","type":"page","link":"https:\/\/www.bravoworldwide.com.mx\/en\/agencia-carga\/","title":{"rendered":"Freight Forwarder"},"content":{"rendered":"<div data-elementor-type=\"wp-page\" data-elementor-id=\"4629\" class=\"elementor elementor-4629\">\n\t\t\t\t\t\t<div class=\"elementor-section elementor-top-section elementor-element elementor-element-30fcab0 elementor-section-full_width elementor-section-content-middle alpha-section-stretched elementor-section-height-default elementor-section-height-default smart-sticky-default elementor-invisible\" data-id=\"30fcab0\" data-element_type=\"section\" data-e-type=\"section\" data-settings=\"{&quot;animation&quot;:&quot;fadeIn&quot;,&quot;background_background&quot;:&quot;classic&quot;}\">\r\n\t\t\t\t\t\t\t\t<div class=\"elementor-container elementor-column-gap-no\">\r\n\t\t\t\t\r\n\t\t\t\t\t\t\t\t<div class=\"elementor-column elementor-col-100 elementor-top-column elementor-element elementor-element-9d87df5\" data-id=\"9d87df5\" data-element_type=\"column\" data-e-type=\"column\">\r\n\r\n\t\t\t\t\r\n\t\t\t\t<div class=\"elementor-widget-wrap elementor-element-populated\">\r\n\t\t\t\t\t\t\t\t\t\t\r\n\t\t\t\t\t\t<div class=\"elementor-element elementor-element-6857d58 elementor-widget elementor-widget-heading\" data-id=\"6857d58\" data-element_type=\"widget\" data-e-type=\"widget\" data-widget_type=\"heading.default\">\n\t\t\t\t\t<h4 class=\"elementor-heading-title elementor-size-default\">Bravo Worldwide offers a comprehensive service as a freight forwarding and transportation agency, providing efficient and secure logistics solutions, both nationally and internationally. <\/h4>\t\t\t\t<\/div>\n\t\t\t\t\t\t<\/div>\r\n\t\t\t\t<\/div>\r\n\t\t\t\t\t\t\t\t<\/div>\r\n\t\t\t<\/div>\r\n\t\t\t\t\t<div class=\"elementor-section elementor-top-section elementor-element elementor-element-9cfc24c elementor-section-full_width elementor-section-content-middle alpha-section-stretched elementor-section-height-default elementor-section-height-default smart-sticky-default elementor-invisible\" data-id=\"9cfc24c\" data-element_type=\"section\" data-e-type=\"section\" data-settings=\"{&quot;animation&quot;:&quot;fadeIn&quot;,&quot;background_background&quot;:&quot;classic&quot;}\">\r\n\t\t\t\t\t\t\t\t<div class=\"elementor-container elementor-column-gap-no\">\r\n\t\t\t\t\r\n\t\t\t\t\t\t\t\t<div class=\"elementor-column elementor-col-50 elementor-top-column elementor-element elementor-element-3a6ded0 order-md-last\" data-id=\"3a6ded0\" data-element_type=\"column\" data-e-type=\"column\">\r\n\r\n\t\t\t\t\r\n\t\t\t\t<div class=\"elementor-widget-wrap elementor-element-populated\">\r\n\t\t\t\t\t\t\t\t\t\t\r\n\t\t\t\t\t\t<div class=\"elementor-element elementor-element-55b517e h-100 elementor-widget elementor-widget-udesign_widget_banner\" data-id=\"55b517e\" data-element_type=\"widget\" data-e-type=\"widget\" data-settings=\"{&quot;_content_animation&quot;:&quot;none&quot;}\" data-widget_type=\"udesign_widget_banner.default\">\r\n\t\t\t\t\t<div class=\"banner banner-fixed banner-img-hidden parallax\" data-parallax-image=\"http:\/\/www.bravoworldwide.com.mx\/wp-content\/uploads\/2025\/12\/carga.png\" data-parallax-options='{\"direction\":\"down\",\"speed\":1.4285714285714286}'>\t<figure class=\"banner-img\">\r\n\t\t<img fetchpriority=\"high\" decoding=\"async\" width=\"1054\" height=\"738\" src=\"https:\/\/www.bravoworldwide.com.mx\/wp-content\/uploads\/2025\/12\/carga.png\" class=\"attachment-full size-full\" alt=\"\" srcset=\"https:\/\/www.bravoworldwide.com.mx\/wp-content\/uploads\/2025\/12\/carga.png 1054w, https:\/\/www.bravoworldwide.com.mx\/wp-content\/uploads\/2025\/12\/carga-1024x717.png 1024w, https:\/\/www.bravoworldwide.com.mx\/wp-content\/uploads\/2025\/12\/carga-768x538.png 768w, https:\/\/www.bravoworldwide.com.mx\/wp-content\/uploads\/2025\/12\/carga-600x420.png 600w, https:\/\/www.bravoworldwide.com.mx\/wp-content\/uploads\/2025\/12\/carga-400x280.png 400w, https:\/\/www.bravoworldwide.com.mx\/wp-content\/uploads\/2025\/12\/carga-570x400.png 570w\" sizes=\"(max-width: 1054px) 100vw, 1054px\" \/>\t<\/figure>\r\n\t<div class=\"banner-content t-mc\"><\/div><\/div>\t\t\t\t<\/div>\n\t\t\t\t\t\t<\/div>\r\n\t\t\t\t<\/div>\r\n\t\t\t\t\t\t\t\t\t<div class=\"elementor-column elementor-col-50 elementor-top-column elementor-element elementor-element-d3f45b7\" data-id=\"d3f45b7\" data-element_type=\"column\" data-e-type=\"column\">\r\n\r\n\t\t\t\t\r\n\t\t\t\t<div class=\"elementor-widget-wrap elementor-element-populated\">\r\n\t\t\t\t\t\t\t\t\t\t\r\n\t\t\t\t\t\t<div class=\"elementor-element elementor-element-3da97d7 cs_33-icon-box elementor-widget elementor-widget-udesign_widget_iconbox\" data-id=\"3da97d7\" data-element_type=\"widget\" data-e-type=\"widget\" data-widget_type=\"udesign_widget_iconbox.default\">\n\t\t\t\t\t<div class=\"icon-box position-top icon-framed shape-circle\"><a class=\"link\" href=\"https:\/\/www.bravoworldwide.com.mx\/en\/contacto\/\" aria-label=\"Icon Box\" ><\/a><div class=\"icon-box-feature\"><i class=\"u-icon-lamp\"><\/i><\/div><div class=\"icon-box-content\"><h3 class=\"icon-box-title\"><a class=\"link\" href=\"https:\/\/www.bravoworldwide.com.mx\/en\/contacto\/\" aria-label=\"Icon Box\" >What do we offer?<\/a><\/h3><p class=\"icon-box-desc\">We develop import and export strategies for goods and services.\n<br>\nWe identify and apply legislation on international trade.\n\n<br>Analysis and interpretation of international trade policies and regulations to ensure that business operations comply with legal and regulatory requirements \n\n<br>Market research\n\n<br>Logistics management.<\/p><a class=\"btn btn-outline btn-md btn-primary\" href=\"https:\/\/www.bravoworldwide.com.mx\/en\/contacto\/\" ><span >More Information<\/span><\/a><\/div><\/div>\t\t\t\t<\/div>\n\t\t\t\t\t\t<\/div>\r\n\t\t\t\t<\/div>\r\n\t\t\t\t\t\t\t\t<\/div>\r\n\t\t\t<\/div>\r\n\t\t\t\t\t<div class=\"elementor-section elementor-top-section elementor-element elementor-element-fbd4030 elementor-section-full_width elementor-section-content-middle alpha-section-stretched elementor-section-height-default elementor-section-height-default smart-sticky-default elementor-invisible\" data-id=\"fbd4030\" data-element_type=\"section\" data-e-type=\"section\" data-settings=\"{&quot;animation&quot;:&quot;fadeIn&quot;,&quot;background_background&quot;:&quot;classic&quot;}\">\r\n\t\t\t\t\t\t\t\t<div class=\"elementor-container elementor-column-gap-no\">\r\n\t\t\t\t\r\n\t\t\t\t\t\t\t\t<div class=\"elementor-column elementor-col-50 elementor-top-column elementor-element elementor-element-28ca99c\" data-id=\"28ca99c\" data-element_type=\"column\" data-e-type=\"column\">\r\n\r\n\t\t\t\t\r\n\t\t\t\t<div class=\"elementor-widget-wrap elementor-element-populated\">\r\n\t\t\t\t\t\t\t\t\t\t\r\n\t\t\t\t\t\t<div class=\"elementor-element elementor-element-a880baf h-100 elementor-widget elementor-widget-udesign_widget_banner\" data-id=\"a880baf\" data-element_type=\"widget\" data-e-type=\"widget\" data-settings=\"{&quot;_content_animation&quot;:&quot;none&quot;}\" data-widget_type=\"udesign_widget_banner.default\">\r\n\t\t\t\t\t<div class=\"banner banner-fixed banner-img-hidden parallax\" data-parallax-image=\"http:\/\/www.bravoworldwide.com.mx\/wp-content\/uploads\/2025\/12\/carga_internaional.png\" data-parallax-options='{\"direction\":\"down\",\"speed\":1.4285714285714286}'>\t<figure class=\"banner-img\">\r\n\t\t<img decoding=\"async\" width=\"1054\" height=\"664\" src=\"https:\/\/www.bravoworldwide.com.mx\/wp-content\/uploads\/2025\/12\/carga_internaional.png\" class=\"attachment-full size-full\" alt=\"\" srcset=\"https:\/\/www.bravoworldwide.com.mx\/wp-content\/uploads\/2025\/12\/carga_internaional.png 1054w, https:\/\/www.bravoworldwide.com.mx\/wp-content\/uploads\/2025\/12\/carga_internaional-1024x645.png 1024w, https:\/\/www.bravoworldwide.com.mx\/wp-content\/uploads\/2025\/12\/carga_internaional-768x484.png 768w, https:\/\/www.bravoworldwide.com.mx\/wp-content\/uploads\/2025\/12\/carga_internaional-570x360.png 570w\" sizes=\"(max-width: 1054px) 100vw, 1054px\" \/>\t<\/figure>\r\n\t<div class=\"banner-content t-mc\"><\/div><\/div>\t\t\t\t<\/div>\n\t\t\t\t\t\t<\/div>\r\n\t\t\t\t<\/div>\r\n\t\t\t\t\t\t\t\t\t<div class=\"elementor-column elementor-col-50 elementor-top-column elementor-element elementor-element-7c205df\" data-id=\"7c205df\" data-element_type=\"column\" data-e-type=\"column\">\r\n\r\n\t\t\t\t\r\n\t\t\t\t<div class=\"elementor-widget-wrap elementor-element-populated\">\r\n\t\t\t\t\t\t\t\t\t\t\r\n\t\t\t\t\t\t<div class=\"elementor-element elementor-element-06e221a cs_33-icon-box elementor-widget elementor-widget-udesign_widget_iconbox\" data-id=\"06e221a\" data-element_type=\"widget\" data-e-type=\"widget\" data-widget_type=\"udesign_widget_iconbox.default\">\n\t\t\t\t\t<div class=\"icon-box position-top icon-framed shape-circle\"><a class=\"link\" href=\"https:\/\/www.bravoworldwide.com.mx\/en\/contacto\/\" aria-label=\"Icon Box\" ><\/a><div class=\"icon-box-feature\"><i class=\"u-icon-airline\"><\/i><\/div><div class=\"icon-box-content\"><h3 class=\"icon-box-title\"><a class=\"link\" href=\"https:\/\/www.bravoworldwide.com.mx\/en\/contacto\/\" aria-label=\"Icon Box\" >Freight Forwarder<\/a><\/h3><p class=\"icon-box-desc\"><br>We develop business strategies.<br>\nWe conduct international business operations with governmental and non-governmental organizations and private companies.\n<br>\nWe offer professional advice on Foreign Trade.\n<br>\nInternational external audit in international marketing.<\/p><a class=\"btn btn-outline btn-md btn-primary\" href=\"https:\/\/www.bravoworldwide.com.mx\/en\/contacto\/\" ><span >More information<\/span><\/a><\/div><\/div>\t\t\t\t<\/div>\n\t\t\t\t\t\t<\/div>\r\n\t\t\t\t<\/div>\r\n\t\t\t\t\t\t\t\t<\/div>\r\n\t\t\t<\/div>\r\n\t\t\t\t\t<div class=\"elementor-section elementor-top-section elementor-element elementor-element-116dd41 elementor-section-full_width elementor-section-content-middle alpha-section-stretched elementor-hidden-desktop elementor-hidden-laptop elementor-hidden-tablet_extra elementor-hidden-tablet elementor-hidden-mobile elementor-section-height-default elementor-section-height-default smart-sticky-default elementor-invisible\" data-id=\"116dd41\" data-element_type=\"section\" data-e-type=\"section\" data-settings=\"{&quot;animation&quot;:&quot;fadeIn&quot;,&quot;background_background&quot;:&quot;classic&quot;}\">\r\n\t\t\t\t\t\t\t\t<div class=\"elementor-container elementor-column-gap-no\">\r\n\t\t\t\t\r\n\t\t\t\t\t\t\t\t<div class=\"elementor-column elementor-col-50 elementor-top-column elementor-element elementor-element-525ceb9 order-md-last\" data-id=\"525ceb9\" data-element_type=\"column\" data-e-type=\"column\">\r\n\r\n\t\t\t\t\r\n\t\t\t\t<div class=\"elementor-widget-wrap elementor-element-populated\">\r\n\t\t\t\t\t\t\t\t\t\t\r\n\t\t\t\t\t\t<div class=\"elementor-element elementor-element-4d22c49 h-100 elementor-widget elementor-widget-udesign_widget_banner\" data-id=\"4d22c49\" data-element_type=\"widget\" data-e-type=\"widget\" data-settings=\"{&quot;_content_animation&quot;:&quot;none&quot;}\" data-widget_type=\"udesign_widget_banner.default\">\r\n\t\t\t\t\t<div class=\"banner banner-fixed banner-img-hidden parallax\" data-parallax-image=\"http:\/\/www.bravoworldwide.com.mx\/wp-content\/uploads\/2025\/12\/transporte_maritimo.png\" data-parallax-options='{\"direction\":\"down\",\"speed\":1.4285714285714286}'>\t<figure class=\"banner-img\">\r\n\t\t<img decoding=\"async\" width=\"1054\" height=\"664\" src=\"https:\/\/www.bravoworldwide.com.mx\/wp-content\/uploads\/2025\/12\/transporte_maritimo.png\" class=\"attachment-full size-full\" alt=\"\" srcset=\"https:\/\/www.bravoworldwide.com.mx\/wp-content\/uploads\/2025\/12\/transporte_maritimo.png 1054w, https:\/\/www.bravoworldwide.com.mx\/wp-content\/uploads\/2025\/12\/transporte_maritimo-1024x645.png 1024w, https:\/\/www.bravoworldwide.com.mx\/wp-content\/uploads\/2025\/12\/transporte_maritimo-768x484.png 768w, https:\/\/www.bravoworldwide.com.mx\/wp-content\/uploads\/2025\/12\/transporte_maritimo-570x360.png 570w\" sizes=\"(max-width: 1054px) 100vw, 1054px\" \/>\t<\/figure>\r\n\t<div class=\"banner-content t-mc\"><\/div><\/div>\t\t\t\t<\/div>\n\t\t\t\t\t\t<\/div>\r\n\t\t\t\t<\/div>\r\n\t\t\t\t\t\t\t\t\t<div class=\"elementor-column elementor-col-50 elementor-top-column elementor-element elementor-element-81380b0\" data-id=\"81380b0\" data-element_type=\"column\" data-e-type=\"column\">\r\n\r\n\t\t\t\t\r\n\t\t\t\t<div class=\"elementor-widget-wrap elementor-element-populated\">\r\n\t\t\t\t\t\t\t\t\t\t\r\n\t\t\t\t\t\t<div class=\"elementor-element elementor-element-c38bb82 cs_33-icon-box elementor-widget elementor-widget-udesign_widget_iconbox\" data-id=\"c38bb82\" data-element_type=\"widget\" data-e-type=\"widget\" data-widget_type=\"udesign_widget_iconbox.default\">\n\t\t\t\t\t<div class=\"icon-box position-top icon-framed shape-circle\"><a class=\"link\" href=\"https:\/\/www.bravoworldwide.com.mx\/en\/contacto\/\" aria-label=\"Icon Box\" ><\/a><div class=\"icon-box-feature\"><i class=\"u-icon-star\"><\/i><\/div><div class=\"icon-box-content\"><h3 class=\"icon-box-title\"><a class=\"link\" href=\"https:\/\/www.bravoworldwide.com.mx\/en\/contacto\/\" aria-label=\"Icon Box\" >Sea Freight<\/a><\/h3><p class=\"icon-box-desc\">We offer a safe and cost-effective solution for shipping goods both domestically and internationally. We handle FCL and LCL shipments. We manage documentation, customs clearance, and continuous tracking to ensure your shipment arrives at its destination on time and in perfect condition.<\/p><a class=\"btn btn-outline btn-md btn-primary\" href=\"https:\/\/www.bravoworldwide.com.mx\/en\/contacto\/\" ><span >More Information<\/span><\/a><\/div><\/div>\t\t\t\t<\/div>\n\t\t\t\t\t\t<\/div>\r\n\t\t\t\t<\/div>\r\n\t\t\t\t\t\t\t\t<\/div>\r\n\t\t\t<\/div>\r\n\t\t\t\t\t<div class=\"elementor-section elementor-top-section elementor-element elementor-element-66dd4bc elementor-section-full_width elementor-section-content-middle alpha-section-stretched elementor-hidden-desktop elementor-hidden-laptop elementor-hidden-tablet_extra elementor-hidden-tablet elementor-hidden-mobile elementor-section-height-default elementor-section-height-default smart-sticky-default elementor-invisible\" data-id=\"66dd4bc\" data-element_type=\"section\" data-e-type=\"section\" data-settings=\"{&quot;animation&quot;:&quot;fadeIn&quot;,&quot;background_background&quot;:&quot;classic&quot;}\">\r\n\t\t\t\t\t\t\t\t<div class=\"elementor-container elementor-column-gap-no\">\r\n\t\t\t\t\r\n\t\t\t\t\t\t\t\t<div class=\"elementor-column elementor-col-50 elementor-top-column elementor-element elementor-element-6913fe4\" data-id=\"6913fe4\" data-element_type=\"column\" data-e-type=\"column\">\r\n\r\n\t\t\t\t\r\n\t\t\t\t<div class=\"elementor-widget-wrap elementor-element-populated\">\r\n\t\t\t\t\t\t\t\t\t\t\r\n\t\t\t\t\t\t<div class=\"elementor-element elementor-element-2d642bf h-100 elementor-widget elementor-widget-udesign_widget_banner\" data-id=\"2d642bf\" data-element_type=\"widget\" data-e-type=\"widget\" data-settings=\"{&quot;_content_animation&quot;:&quot;none&quot;}\" data-widget_type=\"udesign_widget_banner.default\">\r\n\t\t\t\t\t<div class=\"banner banner-fixed banner-img-hidden parallax\" data-parallax-image=\"http:\/\/www.bravoworldwide.com.mx\/wp-content\/uploads\/2025\/12\/transporte-avion.png\" data-parallax-options='{\"direction\":\"down\",\"speed\":1.4285714285714286}'>\t<figure class=\"banner-img\">\r\n\t\t<img loading=\"lazy\" decoding=\"async\" width=\"1054\" height=\"664\" src=\"https:\/\/www.bravoworldwide.com.mx\/wp-content\/uploads\/2025\/12\/transporte-avion.png\" class=\"attachment-full size-full\" alt=\"\" srcset=\"https:\/\/www.bravoworldwide.com.mx\/wp-content\/uploads\/2025\/12\/transporte-avion.png 1054w, https:\/\/www.bravoworldwide.com.mx\/wp-content\/uploads\/2025\/12\/transporte-avion-1024x645.png 1024w, https:\/\/www.bravoworldwide.com.mx\/wp-content\/uploads\/2025\/12\/transporte-avion-768x484.png 768w, https:\/\/www.bravoworldwide.com.mx\/wp-content\/uploads\/2025\/12\/transporte-avion-570x360.png 570w\" sizes=\"(max-width: 1054px) 100vw, 1054px\" \/>\t<\/figure>\r\n\t<div class=\"banner-content t-mc\"><\/div><\/div>\t\t\t\t<\/div>\n\t\t\t\t\t\t<\/div>\r\n\t\t\t\t<\/div>\r\n\t\t\t\t\t\t\t\t\t<div class=\"elementor-column elementor-col-50 elementor-top-column elementor-element elementor-element-fa93cec\" data-id=\"fa93cec\" data-element_type=\"column\" data-e-type=\"column\">\r\n\r\n\t\t\t\t\r\n\t\t\t\t<div class=\"elementor-widget-wrap elementor-element-populated\">\r\n\t\t\t\t\t\t\t\t\t\t\r\n\t\t\t\t\t\t<div class=\"elementor-element elementor-element-615f94d cs_33-icon-box elementor-widget elementor-widget-udesign_widget_iconbox\" data-id=\"615f94d\" data-element_type=\"widget\" data-e-type=\"widget\" data-widget_type=\"udesign_widget_iconbox.default\">\n\t\t\t\t\t<div class=\"icon-box position-top icon-framed shape-circle\"><a class=\"link\" href=\"https:\/\/www.bravoworldwide.com.mx\/en\/contacto\/\" aria-label=\"Icon Box\" ><\/a><div class=\"icon-box-feature\"><i class=\"u-icon-price2\"><\/i><\/div><div class=\"icon-box-content\"><h3 class=\"icon-box-title\"><a class=\"link\" href=\"https:\/\/www.bravoworldwide.com.mx\/en\/contacto\/\" aria-label=\"Icon Box\" >Air Freight<\/a><\/h3><p class=\"icon-box-desc\">Operamos transporte a\u00e9reo, adapt\u00e1ndonos a las necesidades de cada tipo de carga, optimizando tiempos, costos y asegurando el cumplimiento de la normativa aduanal y log\u00edstica en cada etapa del proceso.<\/p><a class=\"btn btn-outline btn-md btn-primary\" href=\"https:\/\/www.bravoworldwide.com.mx\/en\/contacto\/\" ><span >More Information<\/span><\/a><\/div><\/div>\t\t\t\t<\/div>\n\t\t\t\t\t\t<\/div>\r\n\t\t\t\t<\/div>\r\n\t\t\t\t\t\t\t\t<\/div>\r\n\t\t\t<\/div>\r\n\t\t\t\t\t<\/div>","protected":false},"excerpt":{"rendered":"<p>Bravo Worldwide ofrece un servicio integral como agencia de carga y transporte, brindando soluciones log\u00edsticas eficientes y seguras, tanto a nivel nacional como internacional. \u00bfQu\u00e9 Ofrecemos? Desarrollamos estrategias de importaci\u00f3n y exportaci\u00f3n de bienes y servicios. Identificarmos y aplicamos la legislaci\u00f3n en materia de comercio internacional. Analisis e interpretaci\u00f3n de las pol\u00edticas y regulaciones comerciales [&hellip;]<\/p>\n","protected":false},"author":1,"featured_media":0,"parent":0,"menu_order":0,"comment_status":"closed","ping_status":"closed","template":"","meta":{"_acf_changed":false,"footnotes":""},"class_list":["post-4629","page","type-page","status-publish","hentry"],"acf":[],"_links":{"self":[{"href":"https:\/\/www.bravoworldwide.com.mx\/en\/wp-json\/wp\/v2\/pages\/4629","targetHints":{"allow":["GET"]}}],"collection":[{"href":"https:\/\/www.bravoworldwide.com.mx\/en\/wp-json\/wp\/v2\/pages"}],"about":[{"href":"https:\/\/www.bravoworldwide.com.mx\/en\/wp-json\/wp\/v2\/types\/page"}],"author":[{"embeddable":true,"href":"https:\/\/www.bravoworldwide.com.mx\/en\/wp-json\/wp\/v2\/users\/1"}],"replies":[{"embeddable":true,"href":"https:\/\/www.bravoworldwide.com.mx\/en\/wp-json\/wp\/v2\/comments?post=4629"}],"version-history":[{"count":50,"href":"https:\/\/www.bravoworldwide.com.mx\/en\/wp-json\/wp\/v2\/pages\/4629\/revisions"}],"predecessor-version":[{"id":5008,"href":"https:\/\/www.bravoworldwide.com.mx\/en\/wp-json\/wp\/v2\/pages\/4629\/revisions\/5008"}],"wp:attachment":[{"href":"https:\/\/www.bravoworldwide.com.mx\/en\/wp-json\/wp\/v2\/media?parent=4629"}],"curies":[{"name":"wp","href":"https:\/\/api.w.org\/{rel}","templated":true}]}}