{"id":4714,"date":"2025-12-19T18:34:36","date_gmt":"2025-12-19T18:34:36","guid":{"rendered":"https:\/\/www.bravoworldwide.com.mx\/?page_id=4714"},"modified":"2025-12-19T18:37:31","modified_gmt":"2025-12-19T18:37:31","slug":"almacenaje-y-logistica-integral","status":"publish","type":"page","link":"https:\/\/www.bravoworldwide.com.mx\/en\/almacenaje-y-logistica-integral\/","title":{"rendered":"Warehousing and integrated logistics"},"content":{"rendered":"<div data-elementor-type=\"wp-page\" data-elementor-id=\"4714\" class=\"elementor elementor-4714\">\n\t\t\t\t\t\t<div class=\"elementor-section elementor-top-section elementor-element elementor-element-30fcab0 elementor-section-full_width elementor-section-content-middle alpha-section-stretched elementor-section-height-default elementor-section-height-default smart-sticky-default elementor-invisible\" data-id=\"30fcab0\" data-element_type=\"section\" data-e-type=\"section\" data-settings=\"{&quot;animation&quot;:&quot;fadeIn&quot;,&quot;background_background&quot;:&quot;classic&quot;}\">\r\n\t\t\t\t\t\t\t\t<div class=\"elementor-container elementor-column-gap-no\">\r\n\t\t\t\t\r\n\t\t\t\t\t\t\t\t<div class=\"elementor-column elementor-col-100 elementor-top-column elementor-element elementor-element-9d87df5\" data-id=\"9d87df5\" data-element_type=\"column\" data-e-type=\"column\">\r\n\r\n\t\t\t\t\r\n\t\t\t\t<div class=\"elementor-widget-wrap elementor-element-populated\">\r\n\t\t\t\t\t\t\t\t\t\t\r\n\t\t\t\t\t\t<div class=\"elementor-element elementor-element-6857d58 elementor-widget elementor-widget-heading\" data-id=\"6857d58\" data-element_type=\"widget\" data-e-type=\"widget\" data-widget_type=\"heading.default\">\n\t\t\t\t\t<h4 class=\"elementor-heading-title elementor-size-default\">Bravo Worldwide's Comprehensive Warehousing and Logistics service offers efficient and secure solutions for the complete management of your merchandise. We have the appropriate infrastructure for the safekeeping, control, and handling of inventory, as well as processes that optimize the receiving, storage, preparation, and distribution of products.<\/h4>\t\t\t\t<\/div>\n\t\t\t\t\t\t<\/div>\r\n\t\t\t\t<\/div>\r\n\t\t\t\t\t\t\t\t<\/div>\r\n\t\t\t<\/div>\r\n\t\t\t\t\t<div class=\"elementor-section elementor-top-section elementor-element elementor-element-61fd96e elementor-section-full_width elementor-section-content-middle alpha-section-stretched elementor-hidden-desktop elementor-hidden-laptop elementor-hidden-tablet_extra elementor-hidden-tablet elementor-hidden-mobile elementor-section-height-default elementor-section-height-default smart-sticky-default elementor-invisible\" data-id=\"61fd96e\" data-element_type=\"section\" data-e-type=\"section\" data-settings=\"{&quot;animation&quot;:&quot;fadeIn&quot;,&quot;background_background&quot;:&quot;classic&quot;}\">\r\n\t\t\t\t\t\t\t\t<div class=\"elementor-container elementor-column-gap-no\">\r\n\t\t\t\t\r\n\t\t\t\t\t\t\t\t<div class=\"elementor-column elementor-col-50 elementor-top-column elementor-element elementor-element-c5ce326 order-md-last\" data-id=\"c5ce326\" data-element_type=\"column\" data-e-type=\"column\">\r\n\r\n\t\t\t\t\r\n\t\t\t\t<div class=\"elementor-widget-wrap elementor-element-populated\">\r\n\t\t\t\t\t\t\t\t\t\t\r\n\t\t\t\t\t\t<div class=\"elementor-element elementor-element-6aa6f13 h-100 elementor-widget elementor-widget-udesign_widget_banner\" data-id=\"6aa6f13\" data-element_type=\"widget\" data-e-type=\"widget\" data-settings=\"{&quot;_content_animation&quot;:&quot;none&quot;}\" data-widget_type=\"udesign_widget_banner.default\">\r\n\t\t\t\t\t<div class=\"banner banner-fixed banner-img-hidden parallax\" data-parallax-image=\"http:\/\/www.bravoworldwide.com.mx\/wp-content\/uploads\/2025\/11\/Transporte-Terrestre.png\" data-parallax-options='{\"direction\":\"down\",\"speed\":1.4285714285714286}'>\t<figure class=\"banner-img\">\r\n\t\t<img fetchpriority=\"high\" decoding=\"async\" width=\"786\" height=\"686\" src=\"https:\/\/www.bravoworldwide.com.mx\/wp-content\/uploads\/2025\/11\/Transporte-Terrestre.png\" class=\"attachment-full size-full\" alt=\"\" srcset=\"https:\/\/www.bravoworldwide.com.mx\/wp-content\/uploads\/2025\/11\/Transporte-Terrestre.png 786w, https:\/\/www.bravoworldwide.com.mx\/wp-content\/uploads\/2025\/11\/Transporte-Terrestre-768x670.png 768w\" sizes=\"(max-width: 786px) 100vw, 786px\" \/>\t<\/figure>\r\n\t<div class=\"banner-content t-mc\"><\/div><\/div>\t\t\t\t<\/div>\n\t\t\t\t\t\t<\/div>\r\n\t\t\t\t<\/div>\r\n\t\t\t\t\t\t\t\t\t<div class=\"elementor-column elementor-col-50 elementor-top-column elementor-element elementor-element-94fe784\" data-id=\"94fe784\" data-element_type=\"column\" data-e-type=\"column\">\r\n\r\n\t\t\t\t\r\n\t\t\t\t<div class=\"elementor-widget-wrap elementor-element-populated\">\r\n\t\t\t\t\t\t\t\t\t\t\r\n\t\t\t\t\t\t<div class=\"elementor-element elementor-element-cd384a5 cs_33-icon-box elementor-widget elementor-widget-udesign_widget_iconbox\" data-id=\"cd384a5\" data-element_type=\"widget\" data-e-type=\"widget\" data-widget_type=\"udesign_widget_iconbox.default\">\n\t\t\t\t\t<div class=\"icon-box position-top icon-framed shape-circle\"><a class=\"link\" href=\"https:\/\/www.bravoworldwide.com.mx\/en\/contacto\/\" aria-label=\"Icon Box\" ><\/a><div class=\"icon-box-feature\"><i class=\"u-icon-truck2\"><\/i><\/div><div class=\"icon-box-content\"><h3 class=\"icon-box-title\"><a class=\"link\" href=\"https:\/\/www.bravoworldwide.com.mx\/en\/contacto\/\" aria-label=\"Icon Box\" >Land  Freight<\/a><\/h3><p class=\"icon-box-desc\">National and international, consolidated cargo, full truck, satellite tracking, insurance.<\/p><a class=\"btn btn-outline btn-md btn-primary\" href=\"https:\/\/www.bravoworldwide.com.mx\/en\/contacto\/\" ><span >More Information<\/span><\/a><\/div><\/div>\t\t\t\t<\/div>\n\t\t\t\t\t\t<\/div>\r\n\t\t\t\t<\/div>\r\n\t\t\t\t\t\t\t\t<\/div>\r\n\t\t\t<\/div>\r\n\t\t\t\t\t<div class=\"elementor-section elementor-top-section elementor-element elementor-element-fbd4030 elementor-section-full_width elementor-section-content-middle alpha-section-stretched elementor-hidden-desktop elementor-hidden-laptop elementor-hidden-tablet_extra elementor-hidden-tablet elementor-hidden-mobile elementor-section-height-default elementor-section-height-default smart-sticky-default elementor-invisible\" data-id=\"fbd4030\" data-element_type=\"section\" data-e-type=\"section\" data-settings=\"{&quot;animation&quot;:&quot;fadeIn&quot;,&quot;background_background&quot;:&quot;classic&quot;}\">\r\n\t\t\t\t\t\t\t\t<div class=\"elementor-container elementor-column-gap-no\">\r\n\t\t\t\t\r\n\t\t\t\t\t\t\t\t<div class=\"elementor-column elementor-col-50 elementor-top-column elementor-element elementor-element-28ca99c\" data-id=\"28ca99c\" data-element_type=\"column\" data-e-type=\"column\">\r\n\r\n\t\t\t\t\r\n\t\t\t\t<div class=\"elementor-widget-wrap elementor-element-populated\">\r\n\t\t\t\t\t\t\t\t\t\t\r\n\t\t\t\t\t\t<div class=\"elementor-element elementor-element-a880baf h-100 elementor-widget elementor-widget-udesign_widget_banner\" data-id=\"a880baf\" data-element_type=\"widget\" data-e-type=\"widget\" data-settings=\"{&quot;_content_animation&quot;:&quot;none&quot;}\" data-widget_type=\"udesign_widget_banner.default\">\r\n\t\t\t\t\t<div class=\"banner banner-fixed banner-img-hidden parallax\" data-parallax-image=\"http:\/\/www.bravoworldwide.com.mx\/wp-content\/uploads\/2025\/11\/Transporte-aereo.png\" data-parallax-options='{\"direction\":\"down\",\"speed\":1.4285714285714286}'>\t<figure class=\"banner-img\">\r\n\t\t<img decoding=\"async\" width=\"952\" height=\"690\" src=\"https:\/\/www.bravoworldwide.com.mx\/wp-content\/uploads\/2025\/11\/Transporte-aereo.png\" class=\"attachment-full size-full\" alt=\"\" srcset=\"https:\/\/www.bravoworldwide.com.mx\/wp-content\/uploads\/2025\/11\/Transporte-aereo.png 952w, https:\/\/www.bravoworldwide.com.mx\/wp-content\/uploads\/2025\/11\/Transporte-aereo-768x557.png 768w\" sizes=\"(max-width: 952px) 100vw, 952px\" \/>\t<\/figure>\r\n\t<div class=\"banner-content t-mc\"><\/div><\/div>\t\t\t\t<\/div>\n\t\t\t\t\t\t<\/div>\r\n\t\t\t\t<\/div>\r\n\t\t\t\t\t\t\t\t\t<div class=\"elementor-column elementor-col-50 elementor-top-column elementor-element elementor-element-7c205df\" data-id=\"7c205df\" data-element_type=\"column\" data-e-type=\"column\">\r\n\r\n\t\t\t\t\r\n\t\t\t\t<div class=\"elementor-widget-wrap elementor-element-populated\">\r\n\t\t\t\t\t\t\t\t\t\t\r\n\t\t\t\t\t\t<div class=\"elementor-element elementor-element-06e221a cs_33-icon-box elementor-widget elementor-widget-udesign_widget_iconbox\" data-id=\"06e221a\" data-element_type=\"widget\" data-e-type=\"widget\" data-widget_type=\"udesign_widget_iconbox.default\">\n\t\t\t\t\t<div class=\"icon-box position-top icon-framed shape-circle\"><a class=\"link\" href=\"https:\/\/www.bravoworldwide.com.mx\/en\/contacto\/\" aria-label=\"Icon Box\" ><\/a><div class=\"icon-box-feature\"><i class=\"u-icon-airline\"><\/i><\/div><div class=\"icon-box-content\"><h3 class=\"icon-box-title\"><a class=\"link\" href=\"https:\/\/www.bravoworldwide.com.mx\/en\/contacto\/\" aria-label=\"Icon Box\" >Air Freight<\/a><\/h3><p class=\"icon-box-desc\">Emergencies, special cargo, charter, airport coordination.<\/p><a class=\"btn btn-outline btn-md btn-primary\" href=\"https:\/\/www.bravoworldwide.com.mx\/en\/contacto\/\" ><span >Book Now<\/span><\/a><\/div><\/div>\t\t\t\t<\/div>\n\t\t\t\t\t\t<\/div>\r\n\t\t\t\t<\/div>\r\n\t\t\t\t\t\t\t\t<\/div>\r\n\t\t\t<\/div>\r\n\t\t\t\t\t<div class=\"elementor-section elementor-top-section elementor-element elementor-element-116dd41 elementor-section-full_width elementor-section-content-middle alpha-section-stretched elementor-hidden-desktop elementor-hidden-laptop elementor-hidden-tablet_extra elementor-hidden-tablet elementor-hidden-mobile elementor-section-height-default elementor-section-height-default smart-sticky-default elementor-invisible\" data-id=\"116dd41\" data-element_type=\"section\" data-e-type=\"section\" data-settings=\"{&quot;animation&quot;:&quot;fadeIn&quot;,&quot;background_background&quot;:&quot;classic&quot;}\">\r\n\t\t\t\t\t\t\t\t<div class=\"elementor-container elementor-column-gap-no\">\r\n\t\t\t\t\r\n\t\t\t\t\t\t\t\t<div class=\"elementor-column elementor-col-50 elementor-top-column elementor-element elementor-element-525ceb9 order-md-last\" data-id=\"525ceb9\" data-element_type=\"column\" data-e-type=\"column\">\r\n\r\n\t\t\t\t\r\n\t\t\t\t<div class=\"elementor-widget-wrap elementor-element-populated\">\r\n\t\t\t\t\t\t\t\t\t\t\r\n\t\t\t\t\t\t<div class=\"elementor-element elementor-element-4d22c49 h-100 elementor-widget elementor-widget-udesign_widget_banner\" data-id=\"4d22c49\" data-element_type=\"widget\" data-e-type=\"widget\" data-settings=\"{&quot;_content_animation&quot;:&quot;none&quot;}\" data-widget_type=\"udesign_widget_banner.default\">\r\n\t\t\t\t\t<div class=\"banner banner-fixed banner-img-hidden parallax\" data-parallax-image=\"http:\/\/www.bravoworldwide.com.mx\/wp-content\/uploads\/2025\/11\/transporte-maritimo-.png\" data-parallax-options='{\"direction\":\"down\",\"speed\":1.4285714285714286}'>\t<figure class=\"banner-img\">\r\n\t\t<img decoding=\"async\" width=\"716\" height=\"664\" src=\"https:\/\/www.bravoworldwide.com.mx\/wp-content\/uploads\/2025\/11\/transporte-maritimo-.png\" class=\"attachment-full size-full\" alt=\"\" \/>\t<\/figure>\r\n\t<div class=\"banner-content t-mc\"><\/div><\/div>\t\t\t\t<\/div>\n\t\t\t\t\t\t<\/div>\r\n\t\t\t\t<\/div>\r\n\t\t\t\t\t\t\t\t\t<div class=\"elementor-column elementor-col-50 elementor-top-column elementor-element elementor-element-81380b0\" data-id=\"81380b0\" data-element_type=\"column\" data-e-type=\"column\">\r\n\r\n\t\t\t\t\r\n\t\t\t\t<div class=\"elementor-widget-wrap elementor-element-populated\">\r\n\t\t\t\t\t\t\t\t\t\t\r\n\t\t\t\t\t\t<div class=\"elementor-element elementor-element-c38bb82 cs_33-icon-box elementor-widget elementor-widget-udesign_widget_iconbox\" data-id=\"c38bb82\" data-element_type=\"widget\" data-e-type=\"widget\" data-widget_type=\"udesign_widget_iconbox.default\">\n\t\t\t\t\t<div class=\"icon-box position-top icon-framed shape-circle\"><a class=\"link\" href=\"https:\/\/www.bravoworldwide.com.mx\/en\/contacto\/\" aria-label=\"Icon Box\" ><\/a><div class=\"icon-box-feature\"><i class=\"u-icon-star\"><\/i><\/div><div class=\"icon-box-content\"><h3 class=\"icon-box-title\"><a class=\"link\" href=\"https:\/\/www.bravoworldwide.com.mx\/en\/contacto\/\" aria-label=\"Icon Box\" >Sea Freight<\/a><\/h3><p class=\"icon-box-desc\">FCL, LCL, port coordination, maritime customs formalities.<\/p><a class=\"btn btn-outline btn-md btn-primary\" href=\"https:\/\/www.bravoworldwide.com.mx\/en\/contacto\/\" ><span >More Information<\/span><\/a><\/div><\/div>\t\t\t\t<\/div>\n\t\t\t\t\t\t<\/div>\r\n\t\t\t\t<\/div>\r\n\t\t\t\t\t\t\t\t<\/div>\r\n\t\t\t<\/div>\r\n\t\t\t\t\t<div class=\"elementor-section elementor-top-section elementor-element elementor-element-66dd4bc elementor-section-full_width elementor-section-content-middle alpha-section-stretched elementor-hidden-desktop elementor-hidden-laptop elementor-hidden-tablet_extra elementor-hidden-tablet elementor-hidden-mobile elementor-section-height-default elementor-section-height-default smart-sticky-default elementor-invisible\" data-id=\"66dd4bc\" data-element_type=\"section\" data-e-type=\"section\" data-settings=\"{&quot;animation&quot;:&quot;fadeIn&quot;,&quot;background_background&quot;:&quot;classic&quot;}\">\r\n\t\t\t\t\t\t\t\t<div class=\"elementor-container elementor-column-gap-no\">\r\n\t\t\t\t\r\n\t\t\t\t\t\t\t\t<div class=\"elementor-column elementor-col-50 elementor-top-column elementor-element elementor-element-6913fe4\" data-id=\"6913fe4\" data-element_type=\"column\" data-e-type=\"column\">\r\n\r\n\t\t\t\t\r\n\t\t\t\t<div class=\"elementor-widget-wrap elementor-element-populated\">\r\n\t\t\t\t\t\t\t\t\t\t\r\n\t\t\t\t\t\t<div class=\"elementor-element elementor-element-2d642bf h-100 elementor-widget elementor-widget-udesign_widget_banner\" data-id=\"2d642bf\" data-element_type=\"widget\" data-e-type=\"widget\" data-settings=\"{&quot;_content_animation&quot;:&quot;none&quot;}\" data-widget_type=\"udesign_widget_banner.default\">\r\n\t\t\t\t\t<div class=\"banner banner-fixed banner-img-hidden parallax\" data-parallax-image=\"http:\/\/www.bravoworldwide.com.mx\/wp-content\/uploads\/2025\/11\/multimodal.png\" data-parallax-options='{\"direction\":\"down\",\"speed\":1.4285714285714286}'>\t<figure class=\"banner-img\">\r\n\t\t<img loading=\"lazy\" decoding=\"async\" width=\"922\" height=\"746\" src=\"https:\/\/www.bravoworldwide.com.mx\/wp-content\/uploads\/2025\/11\/multimodal.png\" class=\"attachment-full size-full\" alt=\"\" srcset=\"https:\/\/www.bravoworldwide.com.mx\/wp-content\/uploads\/2025\/11\/multimodal.png 922w, https:\/\/www.bravoworldwide.com.mx\/wp-content\/uploads\/2025\/11\/multimodal-768x621.png 768w\" sizes=\"(max-width: 922px) 100vw, 922px\" \/>\t<\/figure>\r\n\t<div class=\"banner-content t-mc\"><\/div><\/div>\t\t\t\t<\/div>\n\t\t\t\t\t\t<\/div>\r\n\t\t\t\t<\/div>\r\n\t\t\t\t\t\t\t\t\t<div class=\"elementor-column elementor-col-50 elementor-top-column elementor-element elementor-element-fa93cec\" data-id=\"fa93cec\" data-element_type=\"column\" data-e-type=\"column\">\r\n\r\n\t\t\t\t\r\n\t\t\t\t<div class=\"elementor-widget-wrap elementor-element-populated\">\r\n\t\t\t\t\t\t\t\t\t\t\r\n\t\t\t\t\t\t<div class=\"elementor-element elementor-element-615f94d cs_33-icon-box elementor-widget elementor-widget-udesign_widget_iconbox\" data-id=\"615f94d\" data-element_type=\"widget\" data-e-type=\"widget\" data-widget_type=\"udesign_widget_iconbox.default\">\n\t\t\t\t\t<div class=\"icon-box position-top icon-framed shape-circle\"><a class=\"link\" href=\"https:\/\/www.bravoworldwide.com.mx\/en\/contacto\/\" aria-label=\"Icon Box\" ><\/a><div class=\"icon-box-feature\"><i class=\"u-icon-price2\"><\/i><\/div><div class=\"icon-box-content\"><h3 class=\"icon-box-title\"><a class=\"link\" href=\"https:\/\/www.bravoworldwide.com.mx\/en\/contacto\/\" aria-label=\"Icon Box\" >Multimodal  Freight<\/a><\/h3><p class=\"icon-box-desc\">Integration of combined routes, cost and time optimization.<\/p><a class=\"btn btn-outline btn-md btn-primary\" href=\"https:\/\/www.bravoworldwide.com.mx\/en\/contacto\/\" ><span >More Information<\/span><\/a><\/div><\/div>\t\t\t\t<\/div>\n\t\t\t\t\t\t<\/div>\r\n\t\t\t\t<\/div>\r\n\t\t\t\t\t\t\t\t<\/div>\r\n\t\t\t<\/div>\r\n\t\t\t\t\t<div class=\"elementor-section elementor-top-section elementor-element elementor-element-f7e9626 elementor-section-full_width elementor-section-content-middle alpha-section-stretched elementor-hidden-desktop elementor-hidden-laptop elementor-hidden-tablet_extra elementor-hidden-tablet elementor-hidden-mobile elementor-section-height-default elementor-section-height-default smart-sticky-default elementor-invisible\" data-id=\"f7e9626\" data-element_type=\"section\" data-e-type=\"section\" data-settings=\"{&quot;animation&quot;:&quot;fadeIn&quot;,&quot;background_background&quot;:&quot;classic&quot;}\">\r\n\t\t\t\t\t\t\t\t<div class=\"elementor-container elementor-column-gap-no\">\r\n\t\t\t\t\r\n\t\t\t\t\t\t\t\t<div class=\"elementor-column elementor-col-50 elementor-top-column elementor-element elementor-element-bb0d1b1 order-md-last\" data-id=\"bb0d1b1\" data-element_type=\"column\" data-e-type=\"column\">\r\n\r\n\t\t\t\t\r\n\t\t\t\t<div class=\"elementor-widget-wrap elementor-element-populated\">\r\n\t\t\t\t\t\t\t\t\t\t\r\n\t\t\t\t\t\t<div class=\"elementor-element elementor-element-4933d86 h-100 elementor-widget elementor-widget-udesign_widget_banner\" data-id=\"4933d86\" data-element_type=\"widget\" data-e-type=\"widget\" data-settings=\"{&quot;_content_animation&quot;:&quot;none&quot;}\" data-widget_type=\"udesign_widget_banner.default\">\r\n\t\t\t\t\t<div class=\"banner banner-fixed banner-img-hidden parallax\" data-parallax-image=\"http:\/\/www.bravoworldwide.com.mx\/wp-content\/uploads\/2025\/11\/aduanas.png\" data-parallax-options='{\"direction\":\"down\",\"speed\":1.4285714285714286}'>\t<figure class=\"banner-img\">\r\n\t\t<img loading=\"lazy\" decoding=\"async\" width=\"828\" height=\"746\" src=\"https:\/\/www.bravoworldwide.com.mx\/wp-content\/uploads\/2025\/11\/aduanas.png\" class=\"attachment-full size-full\" alt=\"\" srcset=\"https:\/\/www.bravoworldwide.com.mx\/wp-content\/uploads\/2025\/11\/aduanas.png 828w, https:\/\/www.bravoworldwide.com.mx\/wp-content\/uploads\/2025\/11\/aduanas-768x692.png 768w\" sizes=\"(max-width: 828px) 100vw, 828px\" \/>\t<\/figure>\r\n\t<div class=\"banner-content t-mc\"><\/div><\/div>\t\t\t\t<\/div>\n\t\t\t\t\t\t<\/div>\r\n\t\t\t\t<\/div>\r\n\t\t\t\t\t\t\t\t\t<div class=\"elementor-column elementor-col-50 elementor-top-column elementor-element elementor-element-fa14697\" data-id=\"fa14697\" data-element_type=\"column\" data-e-type=\"column\">\r\n\r\n\t\t\t\t\r\n\t\t\t\t<div class=\"elementor-widget-wrap elementor-element-populated\">\r\n\t\t\t\t\t\t\t\t\t\t\r\n\t\t\t\t\t\t<div class=\"elementor-element elementor-element-d022d72 cs_33-icon-box elementor-widget elementor-widget-udesign_widget_iconbox\" data-id=\"d022d72\" data-element_type=\"widget\" data-e-type=\"widget\" data-widget_type=\"udesign_widget_iconbox.default\">\n\t\t\t\t\t<div class=\"icon-box position-top icon-framed shape-circle\"><a class=\"link\" href=\"https:\/\/www.bravoworldwide.com.mx\/en\/contacto\/\" aria-label=\"Icon Box\" ><\/a><div class=\"icon-box-feature\"><i class=\"u-icon-bridge\"><\/i><\/div><div class=\"icon-box-content\"><h3 class=\"icon-box-title\"><a class=\"link\" href=\"https:\/\/www.bravoworldwide.com.mx\/en\/contacto\/\" aria-label=\"Icon Box\" >Customs Agency<\/a><\/h3><p class=\"icon-box-desc\">Dispatch in Mexico and other countries, tariff classification, compliance advice.<\/p><a class=\"btn btn-outline btn-md btn-primary\" href=\"https:\/\/www.bravoworldwide.com.mx\/en\/contacto\/\" ><span >More Information<\/span><\/a><\/div><\/div>\t\t\t\t<\/div>\n\t\t\t\t\t\t<\/div>\r\n\t\t\t\t<\/div>\r\n\t\t\t\t\t\t\t\t<\/div>\r\n\t\t\t<\/div>\r\n\t\t\t\t\t<div class=\"elementor-section elementor-top-section elementor-element elementor-element-428c1d8 elementor-section-full_width elementor-section-content-middle alpha-section-stretched elementor-section-height-default elementor-section-height-default smart-sticky-default elementor-invisible\" data-id=\"428c1d8\" data-element_type=\"section\" data-e-type=\"section\" data-settings=\"{&quot;animation&quot;:&quot;fadeIn&quot;,&quot;background_background&quot;:&quot;classic&quot;}\">\r\n\t\t\t\t\t\t\t\t<div class=\"elementor-container elementor-column-gap-no\">\r\n\t\t\t\t\r\n\t\t\t\t\t\t\t\t<div class=\"elementor-column elementor-col-50 elementor-top-column elementor-element elementor-element-570598b\" data-id=\"570598b\" data-element_type=\"column\" data-e-type=\"column\">\r\n\r\n\t\t\t\t\r\n\t\t\t\t<div class=\"elementor-widget-wrap elementor-element-populated\">\r\n\t\t\t\t\t\t\t\t\t\t\r\n\t\t\t\t\t\t<div class=\"elementor-element elementor-element-b56a025 cs_33-icon-box elementor-widget elementor-widget-udesign_widget_iconbox\" data-id=\"b56a025\" data-element_type=\"widget\" data-e-type=\"widget\" data-widget_type=\"udesign_widget_iconbox.default\">\n\t\t\t\t\t<div class=\"icon-box position-top icon-framed shape-circle\"><a class=\"link\" href=\"https:\/\/www.bravoworldwide.com.mx\/en\/contacto\/\" aria-label=\"Icon Box\" ><\/a><div class=\"icon-box-feature\"><i class=\"u-icon-360\"><\/i><\/div><div class=\"icon-box-content\"><h3 class=\"icon-box-title\"><a class=\"link\" href=\"https:\/\/www.bravoworldwide.com.mx\/en\/contacto\/\" aria-label=\"Icon Box\" >Integrated Logistics and Warehousing<\/a><\/h3><p class=\"icon-box-desc\">We integrate warehousing with national and international transport, customs clearance and continuous tracking, guaranteeing traceability, regulatory compliance and an agile logistics operation that adapts to the needs of each client.\n\n<br>Cross-docking, distribution, bonded or free warehousing, 3PL and 4PL services.<\/p><a class=\"btn btn-outline btn-md btn-primary\" href=\"https:\/\/www.bravoworldwide.com.mx\/en\/contacto\/\" ><span >More Information<\/span><\/a><\/div><\/div>\t\t\t\t<\/div>\n\t\t\t\t\t\t<\/div>\r\n\t\t\t\t<\/div>\r\n\t\t\t\t\t\t\t\t\t<div class=\"elementor-column elementor-col-50 elementor-top-column elementor-element elementor-element-c1dd58e\" data-id=\"c1dd58e\" data-element_type=\"column\" data-e-type=\"column\">\r\n\r\n\t\t\t\t\r\n\t\t\t\t<div class=\"elementor-widget-wrap elementor-element-populated\">\r\n\t\t\t\t\t\t\t\t\t\t\r\n\t\t\t\t\t\t<div class=\"elementor-element elementor-element-b4ae53e h-100 elementor-widget elementor-widget-udesign_widget_banner\" data-id=\"b4ae53e\" data-element_type=\"widget\" data-e-type=\"widget\" data-settings=\"{&quot;_content_animation&quot;:&quot;none&quot;}\" data-widget_type=\"udesign_widget_banner.default\">\r\n\t\t\t\t\t<div class=\"banner banner-fixed banner-img-hidden parallax\" data-parallax-image=\"http:\/\/www.bravoworldwide.com.mx\/wp-content\/uploads\/2025\/12\/logistica-bravo.jpg\" data-parallax-options='{\"direction\":\"down\",\"speed\":1.4285714285714286}'>\t<figure class=\"banner-img\">\r\n\t\t<img loading=\"lazy\" decoding=\"async\" width=\"1402\" height=\"964\" src=\"https:\/\/www.bravoworldwide.com.mx\/wp-content\/uploads\/2025\/12\/logistica-bravo.jpg\" class=\"attachment-full size-full\" alt=\"\" srcset=\"https:\/\/www.bravoworldwide.com.mx\/wp-content\/uploads\/2025\/12\/logistica-bravo.jpg 1402w, https:\/\/www.bravoworldwide.com.mx\/wp-content\/uploads\/2025\/12\/logistica-bravo-1024x704.jpg 1024w, https:\/\/www.bravoworldwide.com.mx\/wp-content\/uploads\/2025\/12\/logistica-bravo-768x528.jpg 768w\" sizes=\"(max-width: 1402px) 100vw, 1402px\" \/>\t<\/figure>\r\n\t<div class=\"banner-content t-mc\"><\/div><\/div>\t\t\t\t<\/div>\n\t\t\t\t\t\t<\/div>\r\n\t\t\t\t<\/div>\r\n\t\t\t\t\t\t\t\t<\/div>\r\n\t\t\t<\/div>\r\n\t\t\t\t\t<\/div>","protected":false},"excerpt":{"rendered":"<p>El servicio de Almacenaje y Log\u00edstica Integral de Bravo Worldwide ofrece soluciones eficientes y seguras para la gesti\u00f3n total de tu mercanc\u00eda. Contamos con infraestructura adecuada para el resguardo, control y manejo de inventarios, as\u00ed como con procesos que optimizan la recepci\u00f3n, almacenamiento, preparaci\u00f3n y distribuci\u00f3n de productos. Transporte Terrestre Nacional e internacional, carga consolidada, [&hellip;]<\/p>\n","protected":false},"author":1,"featured_media":0,"parent":0,"menu_order":0,"comment_status":"closed","ping_status":"closed","template":"","meta":{"_acf_changed":false,"footnotes":""},"class_list":["post-4714","page","type-page","status-publish","hentry"],"acf":[],"_links":{"self":[{"href":"https:\/\/www.bravoworldwide.com.mx\/en\/wp-json\/wp\/v2\/pages\/4714","targetHints":{"allow":["GET"]}}],"collection":[{"href":"https:\/\/www.bravoworldwide.com.mx\/en\/wp-json\/wp\/v2\/pages"}],"about":[{"href":"https:\/\/www.bravoworldwide.com.mx\/en\/wp-json\/wp\/v2\/types\/page"}],"author":[{"embeddable":true,"href":"https:\/\/www.bravoworldwide.com.mx\/en\/wp-json\/wp\/v2\/users\/1"}],"replies":[{"embeddable":true,"href":"https:\/\/www.bravoworldwide.com.mx\/en\/wp-json\/wp\/v2\/comments?post=4714"}],"version-history":[{"count":8,"href":"https:\/\/www.bravoworldwide.com.mx\/en\/wp-json\/wp\/v2\/pages\/4714\/revisions"}],"predecessor-version":[{"id":4725,"href":"https:\/\/www.bravoworldwide.com.mx\/en\/wp-json\/wp\/v2\/pages\/4714\/revisions\/4725"}],"wp:attachment":[{"href":"https:\/\/www.bravoworldwide.com.mx\/en\/wp-json\/wp\/v2\/media?parent=4714"}],"curies":[{"name":"wp","href":"https:\/\/api.w.org\/{rel}","templated":true}]}}